{"id":115,"date":"2022-02-11T09:08:21","date_gmt":"2022-02-11T09:08:21","guid":{"rendered":"https:\/\/smartpanel.no\/se\/?page_id=115"},"modified":"2024-04-30T09:16:02","modified_gmt":"2024-04-30T07:16:02","slug":"forside","status":"publish","type":"page","link":"https:\/\/smartpanel.no\/se\/","title":{"rendered":"Forside"},"content":{"rendered":"\n<div id=\"hero-block_455a8612a996e70bfa1028d0ddab6820\" class=\"hero alignfull\">\n\t<div class=\"hero-inner\">\n\t\t<div class=\"hero-slides splide\">\n\t\t\t<div class=\"splide__track\">\n\t\t\t\t<ul class=\"splide__list\">\n\t\t\t\t\t                                <li class=\"hero-slide hero-slide--image splide__slide\">\n                                    <img decoding=\"async\" src=\"https:\/\/d3g44obuhmb1yu.cloudfront.net\/wp-content\/uploads\/2022\/03\/24115219\/Smartpanel-Wetwall-5577-Houston-60x80-m-Huntonit-panelbord-web-scaled.jpg\" alt=\"\">\n                                                                            <div class=\"hero-slide-subtext\">\n                                            Nyhet!                                        <\/div>\n                                                                    <\/li>\n                                \t\t\t\t<\/ul>\n\t\t\t<\/div>\n\t\t<\/div>\n\t<\/div>\n<\/div>\n\n\n\n<figure class=\"wp-block-image size-large\"><a href=\"https:\/\/smartpanel.no\/se\/wetwall\/\"><img loading=\"lazy\" decoding=\"async\" width=\"206\" height=\"50\" src=\"https:\/\/d3g44obuhmb1yu.cloudfront.net\/wp-content\/uploads\/2022\/02\/11090846\/wetwall-pos.svg\" alt=\"\" class=\"wp-image-122\" \/><\/a><\/figure>\n\n\n\n<div class=\"wp-block-columns is-layout-flex wp-container-core-columns-is-layout-9d6595d7 wp-block-columns-is-layout-flex\">\n<div class=\"wp-block-column is-layout-flow wp-block-column-is-layout-flow\">\n<figure class=\"wp-block-image size-large is-style-rounded\"><a href=\"staging-smartpanel.kinsta.cloud\/smartpanel\/\"><img loading=\"lazy\" decoding=\"async\" width=\"1024\" height=\"576\" src=\"https:\/\/d3g44obuhmb1yu.cloudfront.net\/wp-content\/uploads\/2022\/03\/24122150\/LysSand1_Seng_16x9-web-1-1024x576.jpg\" alt=\"\" class=\"wp-image-1107\" srcset=\"https:\/\/d3g44obuhmb1yu.cloudfront.net\/wp-content\/uploads\/2022\/03\/24122150\/LysSand1_Seng_16x9-web-1-1024x576.jpg 1024w, https:\/\/d3g44obuhmb1yu.cloudfront.net\/wp-content\/uploads\/2022\/03\/24122150\/LysSand1_Seng_16x9-web-1-300x169.jpg 300w, https:\/\/d3g44obuhmb1yu.cloudfront.net\/wp-content\/uploads\/2022\/03\/24122150\/LysSand1_Seng_16x9-web-1-768x432.jpg 768w, https:\/\/d3g44obuhmb1yu.cloudfront.net\/wp-content\/uploads\/2022\/03\/24122150\/LysSand1_Seng_16x9-web-1-600x337.jpg 600w\" sizes=\"auto, (max-width: 1024px) 100vw, 1024px\" \/><\/a><\/figure>\n\n\n\n<figure class=\"wp-block-image size-large is-resized\"><a href=\"https:\/\/smartpanel.no\/se\/smartpanel\/\"><img loading=\"lazy\" decoding=\"async\" width=\"295\" height=\"41\" src=\"https:\/\/d3g44obuhmb1yu.cloudfront.net\/wp-content\/uploads\/2022\/02\/11090845\/smartpanel-pos.svg\" alt=\"\" class=\"wp-image-120\" style=\"width:221px;height:32px\" \/><\/a><\/figure>\n<\/div>\n\n\n\n<div class=\"wp-block-column is-layout-flow wp-block-column-is-layout-flow\">\n<figure class=\"wp-block-image size-large is-style-rounded\"><a href=\"https:\/\/smartpanel.no\/se\/kitchen-board\/\"><img loading=\"lazy\" decoding=\"async\" width=\"1024\" height=\"576\" src=\"https:\/\/d3g44obuhmb1yu.cloudfront.net\/wp-content\/uploads\/2022\/03\/24122155\/smartpanel-Kitchen-Board-Antico-3-m-hvitt-kjokken-web-1-1024x576.jpg\" alt=\"\" class=\"wp-image-1108\" srcset=\"https:\/\/d3g44obuhmb1yu.cloudfront.net\/wp-content\/uploads\/2022\/03\/24122155\/smartpanel-Kitchen-Board-Antico-3-m-hvitt-kjokken-web-1-1024x576.jpg 1024w, https:\/\/d3g44obuhmb1yu.cloudfront.net\/wp-content\/uploads\/2022\/03\/24122155\/smartpanel-Kitchen-Board-Antico-3-m-hvitt-kjokken-web-1-300x169.jpg 300w, https:\/\/d3g44obuhmb1yu.cloudfront.net\/wp-content\/uploads\/2022\/03\/24122155\/smartpanel-Kitchen-Board-Antico-3-m-hvitt-kjokken-web-1-768x432.jpg 768w, https:\/\/d3g44obuhmb1yu.cloudfront.net\/wp-content\/uploads\/2022\/03\/24122155\/smartpanel-Kitchen-Board-Antico-3-m-hvitt-kjokken-web-1-600x337.jpg 600w\" sizes=\"auto, (max-width: 1024px) 100vw, 1024px\" \/><\/a><\/figure>\n\n\n\n<figure class=\"wp-block-image size-large is-resized\"><a href=\"https:\/\/smartpanel.no\/se\/kitchen-board\/\"><img loading=\"lazy\" decoding=\"async\" width=\"350\" height=\"50\" src=\"https:\/\/d3g44obuhmb1yu.cloudfront.net\/wp-content\/uploads\/2022\/02\/11090845\/kitchenboard-pos.svg\" alt=\"\" class=\"wp-image-118\" style=\"width:263px;height:38px\" \/><\/a><\/figure>\n<\/div>\n<\/div>\n\n\n\n<div style=\"height:20px\" aria-hidden=\"true\" class=\"wp-block-spacer\"><\/div>\n\n\n\n<div class=\"wp-block-columns is-layout-flex wp-container-core-columns-is-layout-9d6595d7 wp-block-columns-is-layout-flex\">\n<div class=\"wp-block-column is-layout-flow wp-block-column-is-layout-flow\">\n<a href=\"https:\/\/smartpanel.no\/se\/vara-aterforsaljare\/\" target=\"\" id=\"info-block_a70456050a86623ce08261e7522030f1\" class=\"info info-block-dealer alignright has-background has-smartpanel-red-background-color  info--image\">\n\t<div class=\"info-left\">\n\t\t\t\t\t\t\t<img decoding=\"async\" src=\"https:\/\/d3g44obuhmb1yu.cloudfront.net\/wp-content\/uploads\/2022\/03\/29091203\/Smartpanel-Wood.jpg\">\n\t\t\t<\/div>\n\t<div class=\"info-right\">\n\t\t\t\t\t\t\t<div class=\"info-icon info-icon--spanner\"><\/div>\n\t\t\t<div class=\"info-heading\">H\u00e4r kan du k\u00f6pa Smartpanel<\/div>\n\t\t\t<div class=\"info-text\">Se mer<\/div>\n\t\t\t<\/div>\n<\/a>\n<\/div>\n\n\n\n<div class=\"wp-block-column flex flex--column flex--space-between gap--normal is-layout-flow wp-block-column-is-layout-flow\">\n<a href=\"https:\/\/smartpanel.no\/se\/om-smartpanel\/\" target=\"\" id=\"info-block_ebdd7c189b6511b94dce705217d69a63\" class=\"info alignright info--icon\">\n\t<div class=\"info-left\">\n\t\t\t\t\t<div class=\"info-icon info-icon--factory\"><\/div>\n\t\t\t\t\t<\/div>\n\t<div class=\"info-right\">\n\t\t\t\t\t<div class=\"info-heading\">Om oss<\/div>\n\t\t\t<div class=\"info-text\">L\u00e4s mer om oss p\u00e5 Smartpanel<\/div>\n\t\t\t\t\t<\/div>\n<\/a>\n\n\n\n<p><\/p>\n\n\n\n<a href=\"https:\/\/smartpanel.no\/se\/monteringsanvisning\/smartpanel\/\" target=\"\" id=\"info-block_521d383d1133ad060672c22d6b173ee2\" class=\"info alignright info--icon\">\n\t<div class=\"info-left\">\n\t\t\t\t\t<div class=\"info-icon info-icon--spanner\"><\/div>\n\t\t\t\t\t<\/div>\n\t<div class=\"info-right\">\n\t\t\t\t\t<div class=\"info-heading\">Monterings&shy;anvisning<\/div>\n\t\t\t<div class=\"info-text\">V\u00e5ra paneler \u00e4r enkla att montera. Se v\u00e5ra monteringsguider!<\/div>\n\t\t\t\t\t<\/div>\n<\/a>\n<\/div>\n<\/div>\n","protected":false},"excerpt":{"rendered":"","protected":false},"author":1,"featured_media":0,"parent":0,"menu_order":0,"comment_status":"closed","ping_status":"closed","template":"","meta":{"_acf_changed":false,"inline_featured_image":false,"footnotes":""},"class_list":["post-115","page","type-page","status-publish","hentry"],"acf":[],"yoast_head":"<!-- This site is optimized with the Yoast SEO plugin v27.3 - https:\/\/yoast.com\/product\/yoast-seo-wordpress\/ -->\n<title>Smartpanel<\/title>\n<meta name=\"robots\" content=\"index, follow, max-snippet:-1, max-image-preview:large, max-video-preview:-1\" \/>\n<link rel=\"canonical\" href=\"https:\/\/smartpanel.no\/se\/\" \/>\n<meta property=\"og:locale\" content=\"sv_SE\" \/>\n<meta property=\"og:type\" content=\"article\" \/>\n<meta property=\"og:title\" content=\"Smartpanel - Profesjonelt resultat p\u00e5 rekordtid\" \/>\n<meta property=\"og:description\" content=\"Smartpanel Vegg monteres enkelt og raskt med et unikt klikksystem som er spesielt utviklet for \u00e5 gi tette skj\u00f8ter og skjult innfesting.\" \/>\n<meta property=\"og:url\" content=\"https:\/\/smartpanel.no\/se\/\" \/>\n<meta property=\"og:site_name\" content=\"Smartpanel\" \/>\n<meta property=\"article:modified_time\" content=\"2024-04-30T07:16:02+00:00\" \/>\n<meta property=\"og:image\" content=\"https:\/\/d3g44obuhmb1yu.cloudfront.net\/wp-content\/uploads\/2022\/03\/24122201\/Smartpanel-Wetwall-5577-Houston-60x80-m-Huntonit-panelbord-web-1-scaled.jpg\" \/>\n\t<meta property=\"og:image:width\" content=\"2560\" \/>\n\t<meta property=\"og:image:height\" content=\"1439\" \/>\n\t<meta property=\"og:image:type\" content=\"image\/jpeg\" \/>\n<meta name=\"twitter:card\" content=\"summary_large_image\" \/>\n<meta name=\"twitter:title\" content=\"Smartpanel - Profesjonelt resultat p\u00e5 rekordtid\" \/>\n<meta name=\"twitter:description\" content=\"Smartpanel Vegg monteres enkelt og raskt med et unikt klikksystem som er spesielt utviklet for \u00e5 gi tette skj\u00f8ter og skjult innfesting.\" \/>\n<meta name=\"twitter:image\" content=\"https:\/\/d3g44obuhmb1yu.cloudfront.net\/wp-content\/uploads\/2022\/03\/24122201\/Smartpanel-Wetwall-5577-Houston-60x80-m-Huntonit-panelbord-web-1-scaled.jpg\" \/>\n<meta name=\"twitter:label1\" content=\"Ber\u00e4knad l\u00e4stid\" \/>\n\t<meta name=\"twitter:data1\" content=\"1 minut\" \/>\n<script type=\"application\/ld+json\" class=\"yoast-schema-graph\">{\"@context\":\"https:\\\/\\\/schema.org\",\"@graph\":[{\"@type\":\"WebPage\",\"@id\":\"https:\\\/\\\/smartpanel.no\\\/se\\\/\",\"url\":\"https:\\\/\\\/smartpanel.no\\\/se\\\/\",\"name\":\"Smartpanel\",\"isPartOf\":{\"@id\":\"https:\\\/\\\/smartpanel.no\\\/se\\\/#website\"},\"primaryImageOfPage\":{\"@id\":\"https:\\\/\\\/smartpanel.no\\\/se\\\/#primaryimage\"},\"image\":{\"@id\":\"https:\\\/\\\/smartpanel.no\\\/se\\\/#primaryimage\"},\"thumbnailUrl\":\"https:\\\/\\\/smartpanel.no\\\/se\\\/wp-content\\\/uploads\\\/sites\\\/3\\\/2022\\\/02\\\/wetwall-pos.svg\",\"datePublished\":\"2022-02-11T09:08:21+00:00\",\"dateModified\":\"2024-04-30T07:16:02+00:00\",\"breadcrumb\":{\"@id\":\"https:\\\/\\\/smartpanel.no\\\/se\\\/#breadcrumb\"},\"inLanguage\":\"sv-SE\",\"potentialAction\":[{\"@type\":\"ReadAction\",\"target\":[\"https:\\\/\\\/smartpanel.no\\\/se\\\/\"]}]},{\"@type\":\"ImageObject\",\"inLanguage\":\"sv-SE\",\"@id\":\"https:\\\/\\\/smartpanel.no\\\/se\\\/#primaryimage\",\"url\":\"https:\\\/\\\/d3g44obuhmb1yu.cloudfront.net\\\/wp-content\\\/uploads\\\/2022\\\/02\\\/11090846\\\/wetwall-pos.svg\",\"contentUrl\":\"https:\\\/\\\/d3g44obuhmb1yu.cloudfront.net\\\/wp-content\\\/uploads\\\/2022\\\/02\\\/11090846\\\/wetwall-pos.svg\",\"width\":206,\"height\":50},{\"@type\":\"BreadcrumbList\",\"@id\":\"https:\\\/\\\/smartpanel.no\\\/se\\\/#breadcrumb\",\"itemListElement\":[{\"@type\":\"ListItem\",\"position\":1,\"name\":\"Hem\",\"item\":\"https:\\\/\\\/smartpanel.no\\\/se\\\/\"},{\"@type\":\"ListItem\",\"position\":2,\"name\":\"Forside\"}]},{\"@type\":\"WebSite\",\"@id\":\"https:\\\/\\\/smartpanel.no\\\/se\\\/#website\",\"url\":\"https:\\\/\\\/smartpanel.no\\\/se\\\/\",\"name\":\"Smartpanel\",\"description\":\"\",\"potentialAction\":[{\"@type\":\"SearchAction\",\"target\":{\"@type\":\"EntryPoint\",\"urlTemplate\":\"https:\\\/\\\/smartpanel.no\\\/se\\\/?s={search_term_string}\"},\"query-input\":{\"@type\":\"PropertyValueSpecification\",\"valueRequired\":true,\"valueName\":\"search_term_string\"}}],\"inLanguage\":\"sv-SE\"}]}<\/script>\n<!-- \/ Yoast SEO plugin. -->","yoast_head_json":{"title":"Smartpanel","robots":{"index":"index","follow":"follow","max-snippet":"max-snippet:-1","max-image-preview":"max-image-preview:large","max-video-preview":"max-video-preview:-1"},"canonical":"https:\/\/smartpanel.no\/se\/","og_locale":"sv_SE","og_type":"article","og_title":"Smartpanel - Profesjonelt resultat p\u00e5 rekordtid","og_description":"Smartpanel Vegg monteres enkelt og raskt med et unikt klikksystem som er spesielt utviklet for \u00e5 gi tette skj\u00f8ter og skjult innfesting.","og_url":"https:\/\/smartpanel.no\/se\/","og_site_name":"Smartpanel","article_modified_time":"2024-04-30T07:16:02+00:00","og_image":[{"width":2560,"height":1439,"url":"https:\/\/d3g44obuhmb1yu.cloudfront.net\/wp-content\/uploads\/2022\/03\/24122201\/Smartpanel-Wetwall-5577-Houston-60x80-m-Huntonit-panelbord-web-1-scaled.jpg","type":"image\/jpeg"}],"twitter_card":"summary_large_image","twitter_title":"Smartpanel - Profesjonelt resultat p\u00e5 rekordtid","twitter_description":"Smartpanel Vegg monteres enkelt og raskt med et unikt klikksystem som er spesielt utviklet for \u00e5 gi tette skj\u00f8ter og skjult innfesting.","twitter_image":"https:\/\/d3g44obuhmb1yu.cloudfront.net\/wp-content\/uploads\/2022\/03\/24122201\/Smartpanel-Wetwall-5577-Houston-60x80-m-Huntonit-panelbord-web-1-scaled.jpg","twitter_misc":{"Ber\u00e4knad l\u00e4stid":"1 minut"},"schema":{"@context":"https:\/\/schema.org","@graph":[{"@type":"WebPage","@id":"https:\/\/smartpanel.no\/se\/","url":"https:\/\/smartpanel.no\/se\/","name":"Smartpanel","isPartOf":{"@id":"https:\/\/smartpanel.no\/se\/#website"},"primaryImageOfPage":{"@id":"https:\/\/smartpanel.no\/se\/#primaryimage"},"image":{"@id":"https:\/\/smartpanel.no\/se\/#primaryimage"},"thumbnailUrl":"https:\/\/smartpanel.no\/se\/wp-content\/uploads\/sites\/3\/2022\/02\/wetwall-pos.svg","datePublished":"2022-02-11T09:08:21+00:00","dateModified":"2024-04-30T07:16:02+00:00","breadcrumb":{"@id":"https:\/\/smartpanel.no\/se\/#breadcrumb"},"inLanguage":"sv-SE","potentialAction":[{"@type":"ReadAction","target":["https:\/\/smartpanel.no\/se\/"]}]},{"@type":"ImageObject","inLanguage":"sv-SE","@id":"https:\/\/smartpanel.no\/se\/#primaryimage","url":"https:\/\/d3g44obuhmb1yu.cloudfront.net\/wp-content\/uploads\/2022\/02\/11090846\/wetwall-pos.svg","contentUrl":"https:\/\/d3g44obuhmb1yu.cloudfront.net\/wp-content\/uploads\/2022\/02\/11090846\/wetwall-pos.svg","width":206,"height":50},{"@type":"BreadcrumbList","@id":"https:\/\/smartpanel.no\/se\/#breadcrumb","itemListElement":[{"@type":"ListItem","position":1,"name":"Hem","item":"https:\/\/smartpanel.no\/se\/"},{"@type":"ListItem","position":2,"name":"Forside"}]},{"@type":"WebSite","@id":"https:\/\/smartpanel.no\/se\/#website","url":"https:\/\/smartpanel.no\/se\/","name":"Smartpanel","description":"","potentialAction":[{"@type":"SearchAction","target":{"@type":"EntryPoint","urlTemplate":"https:\/\/smartpanel.no\/se\/?s={search_term_string}"},"query-input":{"@type":"PropertyValueSpecification","valueRequired":true,"valueName":"search_term_string"}}],"inLanguage":"sv-SE"}]}},"_links":{"self":[{"href":"https:\/\/smartpanel.no\/se\/wp-json\/wp\/v2\/pages\/115","targetHints":{"allow":["GET"]}}],"collection":[{"href":"https:\/\/smartpanel.no\/se\/wp-json\/wp\/v2\/pages"}],"about":[{"href":"https:\/\/smartpanel.no\/se\/wp-json\/wp\/v2\/types\/page"}],"author":[{"embeddable":true,"href":"https:\/\/smartpanel.no\/se\/wp-json\/wp\/v2\/users\/1"}],"replies":[{"embeddable":true,"href":"https:\/\/smartpanel.no\/se\/wp-json\/wp\/v2\/comments?post=115"}],"version-history":[{"count":61,"href":"https:\/\/smartpanel.no\/se\/wp-json\/wp\/v2\/pages\/115\/revisions"}],"predecessor-version":[{"id":1828,"href":"https:\/\/smartpanel.no\/se\/wp-json\/wp\/v2\/pages\/115\/revisions\/1828"}],"wp:attachment":[{"href":"https:\/\/smartpanel.no\/se\/wp-json\/wp\/v2\/media?parent=115"}],"curies":[{"name":"wp","href":"https:\/\/api.w.org\/{rel}","templated":true}]}}