{"id":1590,"date":"2023-08-22T08:22:44","date_gmt":"2023-08-22T06:22:44","guid":{"rendered":"https:\/\/smartpanel.no\/se\/?page_id=1590"},"modified":"2023-08-22T08:22:44","modified_gmt":"2023-08-22T06:22:44","slug":"smartpanel-inkopskalkylator","status":"publish","type":"page","link":"https:\/\/smartpanel.no\/se\/smartpanel-inkopskalkylator\/","title":{"rendered":"Smartpanel Ink\u00f6pskalkylator"},"content":{"rendered":"<script type=\"text\/javascript\">\n\/* <![CDATA[ *\/\nvar gform;gform||(document.addEventListener(\"gform_main_scripts_loaded\",function(){gform.scriptsLoaded=!0}),document.addEventListener(\"gform\/theme\/scripts_loaded\",function(){gform.themeScriptsLoaded=!0}),window.addEventListener(\"DOMContentLoaded\",function(){gform.domLoaded=!0}),gform={domLoaded:!1,scriptsLoaded:!1,themeScriptsLoaded:!1,isFormEditor:()=>\"function\"==typeof InitializeEditor,callIfLoaded:function(o){return!(!gform.domLoaded||!gform.scriptsLoaded||!gform.themeScriptsLoaded&&!gform.isFormEditor()||(gform.isFormEditor()&&console.warn(\"The use of gform.initializeOnLoaded() is deprecated in the form editor context and will be removed in Gravity Forms 3.1.\"),o(),0))},initializeOnLoaded:function(o){gform.callIfLoaded(o)||(document.addEventListener(\"gform_main_scripts_loaded\",()=>{gform.scriptsLoaded=!0,gform.callIfLoaded(o)}),document.addEventListener(\"gform\/theme\/scripts_loaded\",()=>{gform.themeScriptsLoaded=!0,gform.callIfLoaded(o)}),window.addEventListener(\"DOMContentLoaded\",()=>{gform.domLoaded=!0,gform.callIfLoaded(o)}))},hooks:{action:{},filter:{}},addAction:function(o,r,e,t){gform.addHook(\"action\",o,r,e,t)},addFilter:function(o,r,e,t){gform.addHook(\"filter\",o,r,e,t)},doAction:function(o){gform.doHook(\"action\",o,arguments)},applyFilters:function(o){return gform.doHook(\"filter\",o,arguments)},removeAction:function(o,r){gform.removeHook(\"action\",o,r)},removeFilter:function(o,r,e){gform.removeHook(\"filter\",o,r,e)},addHook:function(o,r,e,t,n){null==gform.hooks[o][r]&&(gform.hooks[o][r]=[]);var d=gform.hooks[o][r];null==n&&(n=r+\"_\"+d.length),gform.hooks[o][r].push({tag:n,callable:e,priority:t=null==t?10:t})},doHook:function(r,o,e){var t;if(e=Array.prototype.slice.call(e,1),null!=gform.hooks[r][o]&&((o=gform.hooks[r][o]).sort(function(o,r){return o.priority-r.priority}),o.forEach(function(o){\"function\"!=typeof(t=o.callable)&&(t=window[t]),\"action\"==r?t.apply(null,e):e[0]=t.apply(null,e)})),\"filter\"==r)return e[0]},removeHook:function(o,r,t,n){var e;null!=gform.hooks[o][r]&&(e=(e=gform.hooks[o][r]).filter(function(o,r,e){return!!(null!=n&&n!=o.tag||null!=t&&t!=o.priority)}),gform.hooks[o][r]=e)}});\n\/* ]]> *\/\n<\/script>\n\n                <div class='gf_browser_gecko gform_wrapper gravity-theme gform-theme--no-framework bg-color-smartpanel_wrapper' data-form-theme='gravity-theme' data-form-index='0' id='gform_wrapper_4' >\n                        <div class='gform_heading'>\n                            <h2 class=\"gform_title\">Smartpanel Ink\u00f6pskalkylator<\/h2>\n                            <p class='gform_description'>R\u00e4kna ut hur m\u00e5nga delar du beh\u00f6ver f\u00f6r ditt projekt.<\/p>\n\t\t\t\t\t\t\t<p class='gform_required_legend'>\u201d<span class=\"gfield_required gfield_required_asterisk\">*<\/span>\u201d anger obligatoriska f\u00e4lt<\/p>\n                        <\/div><form method='post' enctype='multipart\/form-data'  id='gform_4' class='bg-color-smartpanel' action='\/se\/wp-json\/wp\/v2\/pages\/1590' data-formid='4' novalidate>\n                        <div class='gform-body gform_body'><div id='gform_fields_4' class='gform_fields top_label form_sublabel_below description_below validation_below'><div id=\"field_4_11\" class=\"gfield gfield--type-honeypot gform_validation_container field_sublabel_below gfield--has-description field_description_below field_validation_below gfield_visibility_visible\"  ><label class='gfield_label gform-field-label' for='input_4_11'>Phone<\/label><div class='ginput_container'><input name='input_11' id='input_4_11' type='text' value='' autocomplete='new-password'\/><\/div><div class='gfield_description' id='gfield_description_4_11'>Detta f\u00e4lt anv\u00e4nds f\u00f6r validerings\u00e4ndam\u00e5l och ska l\u00e4mnas of\u00f6r\u00e4ndrat.<\/div><\/div><div id=\"field_4_1\" class=\"gfield gfield--type-number gfield--input-type-number field_sublabel_below gfield--no-description field_description_below field_validation_below gfield_visibility_visible\"  ><label class='gfield_label gform-field-label' for='input_4_1'>Antal meter v\u00e4gg<\/label><div class='ginput_container ginput_container_number'><input name='input_1' id='input_4_1' type='number' step='any'   value='' class='large'      aria-invalid=\"false\"  \/><\/div><\/div><div id=\"field_4_2\" class=\"gfield gfield--type-select gfield--input-type-select field_sublabel_below gfield--no-description field_description_below field_validation_below gfield_visibility_visible\"  ><label class='gfield_label gform-field-label' for='input_4_2'>Rummets h\u00f6jd<\/label><div class='ginput_container ginput_container_select'><select name='input_2' id='input_4_2' class='large gfield_select'     aria-invalid=\"false\" ><option value='239' selected='selected'>239 cm<\/option><option value='274' >274 cm<\/option><option value='305' >305 cm<\/option><\/select><\/div><\/div><div id=\"field_4_4\" class=\"gfield gfield--type-number gfield--input-type-number gw-round-up-1 calculated-field gw-rounding gfield_calculation field_sublabel_below gfield--no-description field_description_below field_validation_below gfield_visibility_visible\"  ><label class='gfield_label gform-field-label' for='input_4_4'>Antal plattor<\/label><div class='ginput_container ginput_container_number'><input name='input_4' id='input_4_4' type='text' step='any'   value='' class='large gform-text-input-reset'  readonly=\"readonly\"    aria-invalid=\"false\"  \/><\/div><\/div><div id=\"field_4_5\" class=\"gfield gfield--type-number gfield--input-type-number gw-round-up-1 calculated-field gw-rounding gfield_calculation field_sublabel_below gfield--no-description field_description_below field_validation_below gfield_visibility_visible\"  ><label class='gfield_label gform-field-label' for='input_4_5'>Patroner med fogmassa<\/label><div class='ginput_container ginput_container_number'><input name='input_5' id='input_4_5' type='text' step='any'   value='' class='large gform-text-input-reset'  readonly=\"readonly\"    aria-invalid=\"false\"  \/><\/div><\/div><div id=\"field_4_6\" class=\"gfield gfield--type-number gfield--input-type-number calculated-field gw-round-up-1 unit-pcs gw-rounding gfield_calculation field_sublabel_below gfield--no-description field_description_below field_validation_below gfield_visibility_visible\"  ><label class='gfield_label gform-field-label' for='input_4_6'>Smartpanel Golvlist<\/label><div class='ginput_container ginput_container_number'><input name='input_6' id='input_4_6' type='text' step='any'   value='' class='large gform-text-input-reset'  readonly=\"readonly\"    aria-invalid=\"false\"  \/><\/div><\/div><div id=\"field_4_7\" class=\"gfield gfield--type-number gfield--input-type-number calculated-field gw-round-up-1 unit-pcs gw-rounding gfield_calculation field_sublabel_below gfield--has-description field_description_below field_validation_below gfield_visibility_visible\"  ><label class='gfield_label gform-field-label' for='input_4_7'>Smartpanel Taklist<\/label><div class='ginput_container ginput_container_number'><input name='input_7' id='input_4_7' type='text' step='any'   value='' class='large gform-text-input-reset'  readonly=\"readonly\"    aria-invalid=\"false\" aria-describedby=\"gfield_description_4_7\" \/><\/div><div class='gfield_description' id='gfield_description_4_7'>Antalet lister \u00e4r ber\u00e4knat utan spilltill\u00e4gg. Om on\u00f6diga fogar inte \u00f6nskas, r\u00e4kna om antalet lister p\u00e5 2,4 meter baserat p\u00e5 v\u00e4ggarnas l\u00e4ngd.<\/div><\/div><div id=\"field_4_8\" class=\"gfield gfield--type-email gfield--input-type-email field_sublabel_below gfield--no-description field_description_below field_validation_below gfield_visibility_visible\"  ><label class='gfield_label gform-field-label' for='input_4_8'>E-post<\/label><div class='ginput_container ginput_container_email'>\n                            <input name='input_8' id='input_4_8' type='email' value='' class='large'     aria-invalid=\"false\"  \/>\n                        <\/div><\/div><fieldset id=\"field_4_10\" class=\"gfield gfield--type-consent gfield--type-choice gfield--input-type-consent gfield--width-full gfield_contains_required field_sublabel_below gfield--no-description field_description_below hidden_label field_validation_below gfield_visibility_visible\"  ><legend class='gfield_label gform-field-label gfield_label_before_complex' >Samtycke<span class=\"gfield_required\"><span class=\"gfield_required gfield_required_asterisk\">*<\/span><\/span><\/legend><div class='ginput_container ginput_container_consent'><input name='input_10.1' id='input_4_10_1' type='checkbox' value='1'   aria-required=\"true\" aria-invalid=\"false\"   \/> <label class=\"gform-field-label gform-field-label--type-inline gfield_consent_label\" for='input_4_10_1' >Jag godk\u00e4nner Smartpanels <a href=\"\/personvernerklaering\" target=\"_blank\">integritetspolicy<\/a>.<span class=\"gfield_required gfield_required_asterisk\">*<\/span><\/label><input type='hidden' name='input_10.2' value='Jag godk\u00e4nner Smartpanels &lt;a href=&quot;\/personvernerklaering&quot; target=&quot;_blank&quot;&gt;integritetspolicy&lt;\/a&gt;.' class='gform_hidden' \/><input type='hidden' name='input_10.3' value='4' class='gform_hidden' \/><\/div><\/fieldset><\/div><\/div>\n        <div class='gform-footer gform_footer top_label'> <input type='submit' id='gform_submit_button_4' class='gform_button button' onclick='gform.submission.handleButtonClick(this);' data-submission-type='submit' value='Skicka'  \/> \n            <input type='hidden' class='gform_hidden' name='gform_submission_method' data-js='gform_submission_method_4' value='postback' \/>\n            <input type='hidden' class='gform_hidden' name='gform_theme' data-js='gform_theme_4' id='gform_theme_4' value='gravity-theme' \/>\n            <input type='hidden' class='gform_hidden' name='gform_style_settings' data-js='gform_style_settings_4' id='gform_style_settings_4' value='[]' \/>\n            <input type='hidden' class='gform_hidden' name='is_submit_4' value='1' \/>\n            <input type='hidden' class='gform_hidden' name='gform_submit' value='4' \/>\n            \n            <input type='hidden' class='gform_hidden' name='gform_currency' data-currency='USD' value='g6mb0fb\/rxI6OMR9QU\/s6RHO0hZmDCRioYfMEHcBQsAdSjsW7apZSKkeVGjGLmCDX19324F9i\/LnsJBD4COaO6H0BQ\/1RwWrEQQlb88\/TZswLJc=' \/>\n            <input type='hidden' class='gform_hidden' name='gform_unique_id' value='' \/>\n            <input type='hidden' class='gform_hidden' name='state_4' value='WyJ7XCI5LjFcIjpcIjgzY2U4NzkzYjc3OTIwNTY2ZGE2ZDQ5NTQyNWYwZmY2XCIsXCI5LjJcIjpcIjk1OWI3N2RiY2Q5Y2RkZGQ0ODA0MTZjZDczODJiYTc4XCIsXCI5LjNcIjpcImY1MWQ2NzBhNjFmYzM3YmFjZjVlMWE0ODllNjA5NzYzXCIsXCIxMC4xXCI6XCI4M2NlODc5M2I3NzkyMDU2NmRhNmQ0OTU0MjVmMGZmNlwiLFwiMTAuMlwiOlwiYTQzZGQ0NjAzOGU4NzZiZTgxNWMwNTM4MDAyZmYwYmRcIixcIjEwLjNcIjpcImY1MWQ2NzBhNjFmYzM3YmFjZjVlMWE0ODllNjA5NzYzXCJ9IiwiNzQ4N2Q1OWRmNjE0MjVlYmMzNDc4ZWJlNjYwYzhhODciXQ==' \/>\n            <input type='hidden' autocomplete='off' class='gform_hidden' name='gform_target_page_number_4' id='gform_target_page_number_4' value='0' \/>\n            <input type='hidden' autocomplete='off' class='gform_hidden' name='gform_source_page_number_4' id='gform_source_page_number_4' value='1' \/>\n            <input type='hidden' name='gform_field_values' value='' \/>\n            \n        <\/div>\n                        <\/form>\n                        <\/div><script type=\"text\/javascript\">\n\/* <![CDATA[ *\/\n gform.initializeOnLoaded( function() {gformInitSpinner( 4, 'https:\/\/smartpanel.no\/se\/wp-content\/plugins\/gravityforms\/images\/spinner.svg', true );jQuery('#gform_ajax_frame_4').on('load',function(){var contents = jQuery(this).contents().find('*').html();var is_postback = contents.indexOf('GF_AJAX_POSTBACK') >= 0;if(!is_postback){return;}var form_content = jQuery(this).contents().find('#gform_wrapper_4');var is_confirmation = jQuery(this).contents().find('#gform_confirmation_wrapper_4').length > 0;var is_redirect = contents.indexOf('gformRedirect(){') >= 0;var is_form = form_content.length > 0 && ! is_redirect && ! is_confirmation;var mt = parseInt(jQuery('html').css('margin-top'), 10) + parseInt(jQuery('body').css('margin-top'), 10) + 100;if(is_form){jQuery('#gform_wrapper_4').html(form_content.html());if(form_content.hasClass('gform_validation_error')){jQuery('#gform_wrapper_4').addClass('gform_validation_error');} else {jQuery('#gform_wrapper_4').removeClass('gform_validation_error');}setTimeout( function() { \/* delay the scroll by 50 milliseconds to fix a bug in chrome *\/  }, 50 );if(window['gformInitDatepicker']) {gformInitDatepicker();}if(window['gformInitPriceFields']) {gformInitPriceFields();}var current_page = jQuery('#gform_source_page_number_4').val();gformInitSpinner( 4, 'https:\/\/smartpanel.no\/se\/wp-content\/plugins\/gravityforms\/images\/spinner.svg', true );jQuery(document).trigger('gform_page_loaded', [4, current_page]);window['gf_submitting_4'] = false;}else if(!is_redirect){var confirmation_content = jQuery(this).contents().find('.GF_AJAX_POSTBACK').html();if(!confirmation_content){confirmation_content = contents;}jQuery('#gform_wrapper_4').replaceWith(confirmation_content);jQuery(document).trigger('gform_confirmation_loaded', [4]);window['gf_submitting_4'] = false;wp.a11y.speak(jQuery('#gform_confirmation_message_4').text());}else{jQuery('#gform_4').append(contents);if(window['gformRedirect']) {gformRedirect();}}jQuery(document).trigger(\"gform_pre_post_render\", [{ formId: \"4\", currentPage: \"current_page\", abort: function() { this.preventDefault(); } }]);        if (event && event.defaultPrevented) {                return;        }        const gformWrapperDiv = document.getElementById( \"gform_wrapper_4\" );        if ( gformWrapperDiv ) {            const visibilitySpan = document.createElement( \"span\" );            visibilitySpan.id = \"gform_visibility_test_4\";            gformWrapperDiv.insertAdjacentElement( \"afterend\", visibilitySpan );        }        const visibilityTestDiv = document.getElementById( \"gform_visibility_test_4\" );        let postRenderFired = false;        function triggerPostRender() {            if ( postRenderFired ) {                return;            }            postRenderFired = true;            gform.core.triggerPostRenderEvents( 4, current_page );            if ( visibilityTestDiv ) {                visibilityTestDiv.parentNode.removeChild( visibilityTestDiv );            }        }        function debounce( func, wait, immediate ) {            var timeout;            return function() {                var context = this, args = arguments;                var later = function() {                    timeout = null;                    if ( !immediate ) func.apply( context, args );                };                var callNow = immediate && !timeout;                clearTimeout( timeout );                timeout = setTimeout( later, wait );                if ( callNow ) func.apply( context, args );            };        }        const debouncedTriggerPostRender = debounce( function() {            triggerPostRender();        }, 200 );        if ( visibilityTestDiv && visibilityTestDiv.offsetParent === null ) {            const observer = new MutationObserver( ( mutations ) => {                mutations.forEach( ( mutation ) => {                    if ( mutation.type === 'attributes' && visibilityTestDiv.offsetParent !== null ) {                        debouncedTriggerPostRender();                        observer.disconnect();                    }                });            });            observer.observe( document.body, {                attributes: true,                childList: false,                subtree: true,                attributeFilter: [ 'style', 'class' ],            });        } else {            triggerPostRender();        }    } );} ); \n\/* ]]> *\/\n<\/script>\n","protected":false},"excerpt":{"rendered":"","protected":false},"author":1,"featured_media":0,"parent":0,"menu_order":0,"comment_status":"closed","ping_status":"closed","template":"page-templates\/page-blank.php","meta":{"_acf_changed":false,"inline_featured_image":false,"footnotes":""},"class_list":["post-1590","page","type-page","status-publish","hentry"],"acf":[],"yoast_head":"<!-- This site is optimized with the Yoast SEO plugin v27.3 - https:\/\/yoast.com\/product\/yoast-seo-wordpress\/ -->\n<title>Smartpanel Ink\u00f6pskalkylator - Smartpanel<\/title>\n<meta name=\"robots\" content=\"index, nofollow, max-snippet:-1, max-image-preview:large, max-video-preview:-1\" \/>\n<link rel=\"canonical\" href=\"https:\/\/smartpanel.no\/se\/smartpanel-inkopskalkylator\/\" \/>\n<meta property=\"og:locale\" content=\"sv_SE\" \/>\n<meta property=\"og:type\" content=\"article\" \/>\n<meta property=\"og:title\" content=\"Smartpanel Ink\u00f6pskalkylator - Smartpanel\" \/>\n<meta property=\"og:url\" content=\"https:\/\/smartpanel.no\/se\/smartpanel-inkopskalkylator\/\" \/>\n<meta property=\"og:site_name\" content=\"Smartpanel\" \/>\n<meta name=\"twitter:card\" content=\"summary_large_image\" \/>\n<script type=\"application\/ld+json\" class=\"yoast-schema-graph\">{\"@context\":\"https:\\\/\\\/schema.org\",\"@graph\":[{\"@type\":\"WebPage\",\"@id\":\"https:\\\/\\\/smartpanel.no\\\/se\\\/smartpanel-inkopskalkylator\\\/\",\"url\":\"https:\\\/\\\/smartpanel.no\\\/se\\\/smartpanel-inkopskalkylator\\\/\",\"name\":\"Smartpanel Ink\u00f6pskalkylator - Smartpanel\",\"isPartOf\":{\"@id\":\"https:\\\/\\\/smartpanel.no\\\/se\\\/#website\"},\"datePublished\":\"2023-08-22T06:22:44+00:00\",\"breadcrumb\":{\"@id\":\"https:\\\/\\\/smartpanel.no\\\/se\\\/smartpanel-inkopskalkylator\\\/#breadcrumb\"},\"inLanguage\":\"sv-SE\",\"potentialAction\":[{\"@type\":\"ReadAction\",\"target\":[\"https:\\\/\\\/smartpanel.no\\\/se\\\/smartpanel-inkopskalkylator\\\/\"]}]},{\"@type\":\"BreadcrumbList\",\"@id\":\"https:\\\/\\\/smartpanel.no\\\/se\\\/smartpanel-inkopskalkylator\\\/#breadcrumb\",\"itemListElement\":[{\"@type\":\"ListItem\",\"position\":1,\"name\":\"Hem\",\"item\":\"https:\\\/\\\/smartpanel.no\\\/se\\\/\"},{\"@type\":\"ListItem\",\"position\":2,\"name\":\"Smartpanel Ink\u00f6pskalkylator\"}]},{\"@type\":\"WebSite\",\"@id\":\"https:\\\/\\\/smartpanel.no\\\/se\\\/#website\",\"url\":\"https:\\\/\\\/smartpanel.no\\\/se\\\/\",\"name\":\"Smartpanel\",\"description\":\"\",\"potentialAction\":[{\"@type\":\"SearchAction\",\"target\":{\"@type\":\"EntryPoint\",\"urlTemplate\":\"https:\\\/\\\/smartpanel.no\\\/se\\\/?s={search_term_string}\"},\"query-input\":{\"@type\":\"PropertyValueSpecification\",\"valueRequired\":true,\"valueName\":\"search_term_string\"}}],\"inLanguage\":\"sv-SE\"}]}<\/script>\n<!-- \/ Yoast SEO plugin. -->","yoast_head_json":{"title":"Smartpanel Ink\u00f6pskalkylator - Smartpanel","robots":{"index":"index","follow":"nofollow","max-snippet":"max-snippet:-1","max-image-preview":"max-image-preview:large","max-video-preview":"max-video-preview:-1"},"canonical":"https:\/\/smartpanel.no\/se\/smartpanel-inkopskalkylator\/","og_locale":"sv_SE","og_type":"article","og_title":"Smartpanel Ink\u00f6pskalkylator - Smartpanel","og_url":"https:\/\/smartpanel.no\/se\/smartpanel-inkopskalkylator\/","og_site_name":"Smartpanel","twitter_card":"summary_large_image","schema":{"@context":"https:\/\/schema.org","@graph":[{"@type":"WebPage","@id":"https:\/\/smartpanel.no\/se\/smartpanel-inkopskalkylator\/","url":"https:\/\/smartpanel.no\/se\/smartpanel-inkopskalkylator\/","name":"Smartpanel Ink\u00f6pskalkylator - Smartpanel","isPartOf":{"@id":"https:\/\/smartpanel.no\/se\/#website"},"datePublished":"2023-08-22T06:22:44+00:00","breadcrumb":{"@id":"https:\/\/smartpanel.no\/se\/smartpanel-inkopskalkylator\/#breadcrumb"},"inLanguage":"sv-SE","potentialAction":[{"@type":"ReadAction","target":["https:\/\/smartpanel.no\/se\/smartpanel-inkopskalkylator\/"]}]},{"@type":"BreadcrumbList","@id":"https:\/\/smartpanel.no\/se\/smartpanel-inkopskalkylator\/#breadcrumb","itemListElement":[{"@type":"ListItem","position":1,"name":"Hem","item":"https:\/\/smartpanel.no\/se\/"},{"@type":"ListItem","position":2,"name":"Smartpanel Ink\u00f6pskalkylator"}]},{"@type":"WebSite","@id":"https:\/\/smartpanel.no\/se\/#website","url":"https:\/\/smartpanel.no\/se\/","name":"Smartpanel","description":"","potentialAction":[{"@type":"SearchAction","target":{"@type":"EntryPoint","urlTemplate":"https:\/\/smartpanel.no\/se\/?s={search_term_string}"},"query-input":{"@type":"PropertyValueSpecification","valueRequired":true,"valueName":"search_term_string"}}],"inLanguage":"sv-SE"}]}},"_links":{"self":[{"href":"https:\/\/smartpanel.no\/se\/wp-json\/wp\/v2\/pages\/1590","targetHints":{"allow":["GET"]}}],"collection":[{"href":"https:\/\/smartpanel.no\/se\/wp-json\/wp\/v2\/pages"}],"about":[{"href":"https:\/\/smartpanel.no\/se\/wp-json\/wp\/v2\/types\/page"}],"author":[{"embeddable":true,"href":"https:\/\/smartpanel.no\/se\/wp-json\/wp\/v2\/users\/1"}],"replies":[{"embeddable":true,"href":"https:\/\/smartpanel.no\/se\/wp-json\/wp\/v2\/comments?post=1590"}],"version-history":[{"count":1,"href":"https:\/\/smartpanel.no\/se\/wp-json\/wp\/v2\/pages\/1590\/revisions"}],"predecessor-version":[{"id":1591,"href":"https:\/\/smartpanel.no\/se\/wp-json\/wp\/v2\/pages\/1590\/revisions\/1591"}],"wp:attachment":[{"href":"https:\/\/smartpanel.no\/se\/wp-json\/wp\/v2\/media?parent=1590"}],"curies":[{"name":"wp","href":"https:\/\/api.w.org\/{rel}","templated":true}]}}