{"id":1661,"date":"2023-10-11T14:42:07","date_gmt":"2023-10-11T12:42:07","guid":{"rendered":"https:\/\/smartpanel.no\/se\/?page_id=1661"},"modified":"2023-10-18T16:00:11","modified_gmt":"2023-10-18T14:00:11","slug":"1661-2","status":"publish","type":"page","link":"https:\/\/smartpanel.no\/se\/vara-aterforsaljare\/","title":{"rendered":"V\u00e5ra \u00e5terforsaljare"},"content":{"rendered":"\n<div id=\"hero-block_a4eb118f42bd832829c9706d8d15a5b6\" class=\"hero alignfull\">\n\t<div class=\"hero-inner\">\n\t\t<div class=\"hero-slides splide\">\n\t\t\t<div class=\"splide__track\">\n\t\t\t\t<ul class=\"splide__list\">\n\t\t\t\t\t                                <li class=\"hero-slide hero-slide--image splide__slide\">\n                                    <img decoding=\"async\" src=\"https:\/\/d3g44obuhmb1yu.cloudfront.net\/wp-content\/uploads\/2022\/03\/30142629\/Smartpanel-Wood-1.jpg\" alt=\"\">\n                                                                            <div class=\"hero-slide-subtext\">\n                                            H\u00e4r kan du k\u00f6pa Smartpanel                                        <\/div>\n                                                                    <\/li>\n                                \t\t\t\t<\/ul>\n\t\t\t<\/div>\n\t\t<\/div>\n\t<\/div>\n<\/div>\n\n\n\n<h1 class=\"wp-block-heading\"><strong>H\u00e4r kan du k\u00f6pa Smartpanel<\/strong><\/h1>\n\n\n\n<p>Smartpanel kan k\u00f6pas i de flesta v\u00e4lsorterade byggvaruhandlar i Sverige<strong><em>. <\/em><\/strong>Hitta din n\u00e4rmsta \u00e5terf\u00f6rs\u00e4ljare i listan nedan. Ta kontakt med ditt n\u00e4rmsta byggvaruhus f\u00f6r att se vilket sortiment som de har p\u00e5 lager.<\/p>\n\n\n\n<section id=\"dealers-block_b8c9e4cb9b32cfe708e90be175062817\" class=\"dealers dealers-block\">\n\t\t\t\t<a href=\"http:\/\/www.bauhaus.se\" target=\"_blank\" style=\"--link-background-color: #f2f0ef;\">\n\t\t\t\t<img decoding=\"async\" src=\"https:\/\/d3g44obuhmb1yu.cloudfront.net\/wp-content\/uploads\/sites\/3\/2023\/10\/11142831\/logo.svg\" alt=\"Bauhaus\">\n\t\t\t<\/a>\n\t\t\t\t\t\t<a href=\"http:\/\/www.byggmax.se\" target=\"_blank\" style=\"--link-background-color: #f2f0ef;\">\n\t\t\t\t<img decoding=\"async\" src=\"https:\/\/d3g44obuhmb1yu.cloudfront.net\/wp-content\/uploads\/sites\/3\/2023\/10\/11142948\/logo-byggmax.svg\" alt=\"Byggmax\">\n\t\t\t<\/a>\n\t\t\t\t\t\t<a href=\"https:\/\/www.abkarlhedin.se\/\" target=\"_blank\" style=\"--link-background-color: #0046ad;\">\n\t\t\t\t<img decoding=\"async\" src=\"https:\/\/d3g44obuhmb1yu.cloudfront.net\/wp-content\/uploads\/sites\/3\/2023\/10\/11143044\/abkarlhedin-white.svg\" alt=\"Karl Hedin AB\">\n\t\t\t<\/a>\n\t\t\t\t\t\t<a href=\"https:\/\/woody.se\/\" target=\"_blank\" style=\"--link-background-color: #003b6c;\">\n\t\t\t\t<img decoding=\"async\" src=\"https:\/\/d3g44obuhmb1yu.cloudfront.net\/wp-content\/uploads\/sites\/3\/2023\/10\/11143240\/logowoody.png\" alt=\"Woody\">\n\t\t\t<\/a>\n\t\t\t\t\t\t<a href=\"https:\/\/bygma.se\/\" target=\"_blank\" style=\"--link-background-color: #f2f0ef;\">\n\t\t\t\t<img decoding=\"async\" src=\"https:\/\/d3g44obuhmb1yu.cloudfront.net\/wp-content\/uploads\/sites\/3\/2023\/10\/11143428\/Logotype.png\" alt=\"Bygma\">\n\t\t\t<\/a>\n\t\t\t\t\t\t<a href=\"http:\/\/www.k-bygg.se\/\" target=\"_blank\" style=\"--link-background-color: #651d32;\">\n\t\t\t\t<img decoding=\"async\" src=\"https:\/\/d3g44obuhmb1yu.cloudfront.net\/wp-content\/uploads\/sites\/3\/2023\/10\/11143618\/logokbygg.svg\" alt=\"K-bygg\">\n\t\t\t<\/a>\n\t\t\t\t\t\t<a href=\"https:\/\/www.bygghemma.se\/\" target=\"_blank\" style=\"--link-background-color: #f2f0ef;\">\n\t\t\t\t<img decoding=\"async\" src=\"https:\/\/d3g44obuhmb1yu.cloudfront.net\/wp-content\/uploads\/sites\/3\/2023\/10\/11143748\/icon-logo_bgh.svg\" alt=\"Bygghemma\">\n\t\t\t<\/a>\n\t\t\t\t\t\t<a href=\"https:\/\/www.xlbygg.se\/\" target=\"_blank\" style=\"--link-background-color: #000000;\">\n\t\t\t\t<img decoding=\"async\" src=\"https:\/\/d3g44obuhmb1yu.cloudfront.net\/wp-content\/uploads\/sites\/3\/2023\/10\/11143825\/xl-bygg-logo.svg\" alt=\"XL-bygg\">\n\t\t\t<\/a>\n\t\t\t\t\t\t<a href=\"https:\/\/bolist.se\/\" target=\"_blank\" style=\"--link-background-color: #f2f0ef;\">\n\t\t\t\t<img decoding=\"async\" src=\"https:\/\/d3g44obuhmb1yu.cloudfront.net\/wp-content\/uploads\/sites\/3\/2023\/10\/11143857\/bolist-logo.svg\" alt=\"Bolist\">\n\t\t\t<\/a>\n\t\t\t\t\t\t<a href=\"https:\/\/www.ahlsell.se\/\" target=\"_blank\" style=\"--link-background-color: #f2f0ef;\">\n\t\t\t\t<img decoding=\"async\" src=\"https:\/\/d3g44obuhmb1yu.cloudfront.net\/wp-content\/uploads\/sites\/3\/2023\/10\/11143930\/logo_ahlsell.svg\" alt=\"Ahlsell\">\n\t\t\t<\/a>\n\t\t\t\t\t\t<a href=\"https:\/\/derome.se\/\" target=\"_blank\" style=\"--link-background-color: #005c46;\">\n\t\t\t\t<img decoding=\"async\" src=\"https:\/\/d3g44obuhmb1yu.cloudfront.net\/wp-content\/uploads\/sites\/3\/2023\/10\/11144012\/Derome_logo_vit.png\" alt=\"Derome\">\n\t\t\t<\/a>\n\t\t\t\t\t\t<a href=\"https:\/\/www.nordstroms.se\/\" target=\"_blank\" style=\"--link-background-color: #f2f0ef;\">\n\t\t\t\t<img decoding=\"async\" src=\"https:\/\/d3g44obuhmb1yu.cloudfront.net\/wp-content\/uploads\/sites\/3\/2023\/10\/11144134\/logo.png\" alt=\"Nordstr\u00f6ms\">\n\t\t\t<\/a>\n\t\t\t<\/section>\n","protected":false},"excerpt":{"rendered":"<p>H\u00e4r kan du k\u00f6pa Smartpanel Smartpanel kan k\u00f6pas i de flesta v\u00e4lsorterade byggvaruhandlar i Sverige. Hitta din n\u00e4rmsta \u00e5terf\u00f6rs\u00e4ljare i listan nedan. Ta kontakt med ditt n\u00e4rmsta byggvaruhus f\u00f6r att se vilket sortiment som de har p\u00e5 lager.<\/p>\n","protected":false},"author":1,"featured_media":0,"parent":0,"menu_order":0,"comment_status":"closed","ping_status":"closed","template":"","meta":{"_acf_changed":false,"inline_featured_image":false,"footnotes":""},"class_list":["post-1661","page","type-page","status-publish","hentry"],"acf":[],"yoast_head":"<!-- This site is optimized with the Yoast SEO plugin v27.3 - https:\/\/yoast.com\/product\/yoast-seo-wordpress\/ -->\n<title>V\u00e5ra \u00e5terforsaljare - Smartpanel<\/title>\n<meta name=\"robots\" content=\"index, follow, max-snippet:-1, max-image-preview:large, max-video-preview:-1\" \/>\n<link rel=\"canonical\" href=\"https:\/\/smartpanel.no\/se\/vara-aterforsaljare\/\" \/>\n<meta property=\"og:locale\" content=\"sv_SE\" \/>\n<meta property=\"og:type\" content=\"article\" \/>\n<meta property=\"og:title\" content=\"V\u00e5ra \u00e5terforsaljare - Smartpanel\" \/>\n<meta property=\"og:description\" content=\"H\u00e4r kan du k\u00f6pa Smartpanel Smartpanel kan k\u00f6pas i de flesta v\u00e4lsorterade byggvaruhandlar i Sverige. Hitta din n\u00e4rmsta \u00e5terf\u00f6rs\u00e4ljare i listan nedan. Ta kontakt med ditt n\u00e4rmsta byggvaruhus f\u00f6r att se vilket sortiment som de har p\u00e5 lager.\" \/>\n<meta property=\"og:url\" content=\"https:\/\/smartpanel.no\/se\/vara-aterforsaljare\/\" \/>\n<meta property=\"og:site_name\" content=\"Smartpanel\" \/>\n<meta property=\"article:modified_time\" content=\"2023-10-18T14:00:11+00:00\" \/>\n<meta name=\"twitter:card\" content=\"summary_large_image\" \/>\n<script type=\"application\/ld+json\" class=\"yoast-schema-graph\">{\"@context\":\"https:\\\/\\\/schema.org\",\"@graph\":[{\"@type\":\"WebPage\",\"@id\":\"https:\\\/\\\/smartpanel.no\\\/se\\\/vara-aterforsaljare\\\/\",\"url\":\"https:\\\/\\\/smartpanel.no\\\/se\\\/vara-aterforsaljare\\\/\",\"name\":\"V\u00e5ra \u00e5terforsaljare - Smartpanel\",\"isPartOf\":{\"@id\":\"https:\\\/\\\/smartpanel.no\\\/se\\\/#website\"},\"datePublished\":\"2023-10-11T12:42:07+00:00\",\"dateModified\":\"2023-10-18T14:00:11+00:00\",\"breadcrumb\":{\"@id\":\"https:\\\/\\\/smartpanel.no\\\/se\\\/vara-aterforsaljare\\\/#breadcrumb\"},\"inLanguage\":\"sv-SE\",\"potentialAction\":[{\"@type\":\"ReadAction\",\"target\":[\"https:\\\/\\\/smartpanel.no\\\/se\\\/vara-aterforsaljare\\\/\"]}]},{\"@type\":\"BreadcrumbList\",\"@id\":\"https:\\\/\\\/smartpanel.no\\\/se\\\/vara-aterforsaljare\\\/#breadcrumb\",\"itemListElement\":[{\"@type\":\"ListItem\",\"position\":1,\"name\":\"Hem\",\"item\":\"https:\\\/\\\/smartpanel.no\\\/se\\\/\"},{\"@type\":\"ListItem\",\"position\":2,\"name\":\"V\u00e5ra \u00e5terforsaljare\"}]},{\"@type\":\"WebSite\",\"@id\":\"https:\\\/\\\/smartpanel.no\\\/se\\\/#website\",\"url\":\"https:\\\/\\\/smartpanel.no\\\/se\\\/\",\"name\":\"Smartpanel\",\"description\":\"\",\"potentialAction\":[{\"@type\":\"SearchAction\",\"target\":{\"@type\":\"EntryPoint\",\"urlTemplate\":\"https:\\\/\\\/smartpanel.no\\\/se\\\/?s={search_term_string}\"},\"query-input\":{\"@type\":\"PropertyValueSpecification\",\"valueRequired\":true,\"valueName\":\"search_term_string\"}}],\"inLanguage\":\"sv-SE\"}]}<\/script>\n<!-- \/ Yoast SEO plugin. -->","yoast_head_json":{"title":"V\u00e5ra \u00e5terforsaljare - Smartpanel","robots":{"index":"index","follow":"follow","max-snippet":"max-snippet:-1","max-image-preview":"max-image-preview:large","max-video-preview":"max-video-preview:-1"},"canonical":"https:\/\/smartpanel.no\/se\/vara-aterforsaljare\/","og_locale":"sv_SE","og_type":"article","og_title":"V\u00e5ra \u00e5terforsaljare - Smartpanel","og_description":"H\u00e4r kan du k\u00f6pa Smartpanel Smartpanel kan k\u00f6pas i de flesta v\u00e4lsorterade byggvaruhandlar i Sverige. Hitta din n\u00e4rmsta \u00e5terf\u00f6rs\u00e4ljare i listan nedan. Ta kontakt med ditt n\u00e4rmsta byggvaruhus f\u00f6r att se vilket sortiment som de har p\u00e5 lager.","og_url":"https:\/\/smartpanel.no\/se\/vara-aterforsaljare\/","og_site_name":"Smartpanel","article_modified_time":"2023-10-18T14:00:11+00:00","twitter_card":"summary_large_image","schema":{"@context":"https:\/\/schema.org","@graph":[{"@type":"WebPage","@id":"https:\/\/smartpanel.no\/se\/vara-aterforsaljare\/","url":"https:\/\/smartpanel.no\/se\/vara-aterforsaljare\/","name":"V\u00e5ra \u00e5terforsaljare - Smartpanel","isPartOf":{"@id":"https:\/\/smartpanel.no\/se\/#website"},"datePublished":"2023-10-11T12:42:07+00:00","dateModified":"2023-10-18T14:00:11+00:00","breadcrumb":{"@id":"https:\/\/smartpanel.no\/se\/vara-aterforsaljare\/#breadcrumb"},"inLanguage":"sv-SE","potentialAction":[{"@type":"ReadAction","target":["https:\/\/smartpanel.no\/se\/vara-aterforsaljare\/"]}]},{"@type":"BreadcrumbList","@id":"https:\/\/smartpanel.no\/se\/vara-aterforsaljare\/#breadcrumb","itemListElement":[{"@type":"ListItem","position":1,"name":"Hem","item":"https:\/\/smartpanel.no\/se\/"},{"@type":"ListItem","position":2,"name":"V\u00e5ra \u00e5terforsaljare"}]},{"@type":"WebSite","@id":"https:\/\/smartpanel.no\/se\/#website","url":"https:\/\/smartpanel.no\/se\/","name":"Smartpanel","description":"","potentialAction":[{"@type":"SearchAction","target":{"@type":"EntryPoint","urlTemplate":"https:\/\/smartpanel.no\/se\/?s={search_term_string}"},"query-input":{"@type":"PropertyValueSpecification","valueRequired":true,"valueName":"search_term_string"}}],"inLanguage":"sv-SE"}]}},"_links":{"self":[{"href":"https:\/\/smartpanel.no\/se\/wp-json\/wp\/v2\/pages\/1661","targetHints":{"allow":["GET"]}}],"collection":[{"href":"https:\/\/smartpanel.no\/se\/wp-json\/wp\/v2\/pages"}],"about":[{"href":"https:\/\/smartpanel.no\/se\/wp-json\/wp\/v2\/types\/page"}],"author":[{"embeddable":true,"href":"https:\/\/smartpanel.no\/se\/wp-json\/wp\/v2\/users\/1"}],"replies":[{"embeddable":true,"href":"https:\/\/smartpanel.no\/se\/wp-json\/wp\/v2\/comments?post=1661"}],"version-history":[{"count":44,"href":"https:\/\/smartpanel.no\/se\/wp-json\/wp\/v2\/pages\/1661\/revisions"}],"predecessor-version":[{"id":1805,"href":"https:\/\/smartpanel.no\/se\/wp-json\/wp\/v2\/pages\/1661\/revisions\/1805"}],"wp:attachment":[{"href":"https:\/\/smartpanel.no\/se\/wp-json\/wp\/v2\/media?parent=1661"}],"curies":[{"name":"wp","href":"https:\/\/api.w.org\/{rel}","templated":true}]}}