{"id":1842,"date":"2024-09-06T15:10:52","date_gmt":"2024-09-06T13:10:52","guid":{"rendered":"https:\/\/smartpanel.no\/se\/?page_id=1842"},"modified":"2024-09-06T15:10:53","modified_gmt":"2024-09-06T13:10:53","slug":"integritetspolicy","status":"publish","type":"page","link":"https:\/\/smartpanel.no\/se\/integritetspolicy\/","title":{"rendered":"Integritetspolicy"},"content":{"rendered":"\n<h1 class=\"wp-block-heading\"><\/h1>\n\n\n\n<p><strong>Senast uppdaterad:<\/strong> 3 september 2024<\/p>\n\n\n\n<p>Denna integritetspolicy g\u00e4ller f\u00f6r bolaget Smartpanel AS (Org. nr. 921 075 197) som \u00e4r ett dotterbolag till koncernen Byggma ASA (Org.nr. 979&nbsp;165 285)<\/p>\n\n\n\n<h2 class=\"wp-block-heading\">1) Generellt<\/h2>\n\n\n\n<p>Smartpanel AS (Org. nr. 921 075 197), \u00f6nskar med denna integritetspolicy p\u00e5 att visa hur vi s\u00e4kerst\u00e4ller att dina personuppgifter behandlas i enlighet med svensk personuppgifts-lagstiftning.<\/p>\n\n\n\n<p>Du ska alltid k\u00e4nna dig trygg n\u00e4r du ger oss dina personuppgifter. Smartpanel AS (Org. nr. 921 075 197), har inf\u00f6rt tekniska och organisatoriska s\u00e4kerhets\u00e5tg\u00e4rder f\u00f6r att skydda dina personuppgifter mot obeh\u00f6rig \u00e5tkomst, anv\u00e4ndning, \u00e4ndring och radering.<\/p>\n\n\n\n<p>Detta inkluderar anv\u00e4ndningen av<\/p>\n\n\n\n<ul class=\"wp-block-list\">\n<li>krypteringsteknologier<\/li>\n\n\n\n<li>\u00e5tkomstkontrollsystem<\/li>\n\n\n\n<li>s\u00e4kerhetskopieringsrutiner<\/li>\n\n\n\n<li>regelbundna s\u00e4kerhetsbed\u00f6mningar<\/li>\n<\/ul>\n\n\n\n<p>V\u00e5ra anst\u00e4llda \u00e4r utbildade i integritetsskydd och dataskydd f\u00f6r att s\u00e4kerst\u00e4lla att dina uppgifter behandlas s\u00e4kert och i enlighet med g\u00e4llande lagar.<\/p>\n\n\n\n<h2 class=\"wp-block-heading\">2) Vem \u00e4r personuppgiftsansvarig och hur kontaktar jag er?<strong>&nbsp;<\/strong><\/h2>\n\n\n\n<p>Smartpanel AS (Org. nr. 921 075 197), \u00e4r personuppgiftsansvarig f\u00f6r behandlingen av dina personuppgifter, som utg\u00f6rs av, eller p\u00e5 uppdrag Smartpanel AS (Org. nr. 921 075 197). Information om hur du kan kontakta oss hittar du under punkt 12 &#8221;Kontaktinformation&#8221;.&nbsp;<\/p>\n\n\n\n<h2 class=\"wp-block-heading\">3) Vilka personuppgifter behandler vi om dig och varf\u00f6r?<\/h2>\n\n\n\n<p>Smartpanel AS (Org. nr. 921 075 197), samlar in f\u00f6ljande typer av personuppgifter:<\/p>\n\n\n\n<ul class=\"wp-block-list\">\n<li>Namn<\/li>\n\n\n\n<li>Telefonnummer<\/li>\n\n\n\n<li>E-postadress<\/li>\n\n\n\n<li>IP-adress<\/li>\n\n\n\n<li>Firmanamn<\/li>\n\n\n\n<li>Adress<\/li>\n\n\n\n<li>Anv\u00e4ndarbeteende (till exempel bes\u00f6kta hemsidor och klick)<\/li>\n<\/ul>\n\n\n\n<p>Dessa upplysningar samlas in i f\u00f6ljande syfte:<\/p>\n\n\n\n<ul class=\"wp-block-list\">\n<li>F\u00f6rb\u00e4ttring av v\u00e5ra tj\u00e4nster<\/li>\n\n\n\n<li>Anpassning av anv\u00e4ndarupplevelsen<\/li>\n\n\n\n<li>F\u00f6r att skicka relevant information&nbsp;<\/li>\n<\/ul>\n\n\n\n<h2 class=\"wp-block-heading\">4) N\u00e4r samlar vi in personuppgiftar om dig?<\/h2>\n\n\n\n<p>Smartpanel AS (Org. nr. 921 075 197), samlar in personuppgifter n\u00e4r du:<\/p>\n\n\n\n<ul class=\"wp-block-list\">\n<li><strong>Prenumererar p\u00e5 ett av v\u00e5ra nyhetsbrev<\/strong>\n<ul class=\"wp-block-list\">\n<li class=\"has-small-font-size\"><strong>R\u00e4ttslig grund: <\/strong>Ber\u00e4ttigat intresse<\/li>\n\n\n\n<li class=\"has-small-font-size\"><strong>Personuppgifter som lagras: <\/strong>Namn, telefonnummer, e-post och adress<\/li>\n\n\n\n<li class=\"has-small-font-size\"><strong>Lagringstid:<\/strong> Vi sparar dina uppgifter s\u00e5 l\u00e4nge du \u00f6nskar forts\u00e4tta att ta emot information och marknadsf\u00f6ringsmaterial<\/li>\n<\/ul>\n<\/li>\n<\/ul>\n\n\n\n<ul class=\"wp-block-list\">\n<li><strong>Deltar i utvecklingsprojekt och produktutvecklingsprojekt<\/strong>\n<ul class=\"wp-block-list\">\n<li class=\"has-small-font-size\"><strong>R\u00e4ttslig grund:<\/strong> Fullg\u00f6rande av avtal<\/li>\n\n\n\n<li class=\"has-small-font-size\"><strong>Personuppgifter som lagras:<\/strong> Namn, telefonnummer, e-post och adress<\/li>\n\n\n\n<li class=\"has-small-font-size\"><strong>Lagringstid:<\/strong> Vi sparar dina uppgifter fr\u00e5n den tidpunkten att du deltar i utvecklingsprojektet och upp till 50 \u00e5r f\u00f6r att uppfylla standarder och certifieringskrav inom bygg- och konstruktionsindustrin, samt f\u00f6r att dokumentera historik f\u00f6r framtida utvecklingsprojekt. Vi kan lagra dina uppgifter l\u00e4ngre om du \u00f6nskar att vi ska bevara dem f\u00f6r framtida behov och har gett ditt samtycke till detta<\/li>\n<\/ul>\n<\/li>\n<\/ul>\n\n\n\n<ul class=\"wp-block-list\">\n<li><strong>St\u00e4ller tekniska fr\u00e5gor till v\u00e5r teknik- eller konstruktionsavdelning<\/strong>\n<ul class=\"wp-block-list\">\n<li class=\"has-small-font-size\"><strong>R\u00e4ttslig grund:<\/strong> Svensk byggstandard, CE-m\u00e4rkningskrav<\/li>\n\n\n\n<li class=\"has-small-font-size\"><strong>Personuppgifter som blir lagrade:<\/strong> Namn, telefonnummer, e-post och adress<\/li>\n\n\n\n<li class=\"has-small-font-size\"><strong>Lagringstid:<\/strong> Vi lagrar dina uppgifter fr\u00e5n det att du kontaktade oss och upp till 50 \u00e5r fram\u00e5t f\u00f6r att uppfylla kraven i svensk byggstandard och CE-m\u00e4rkning, som kr\u00e4ver l\u00e5ngvarig dokumentation f\u00f6r produkter och tj\u00e4nster. Vi kan lagra dina uppgifter l\u00e4ngre om du \u00f6nskar att vi ska bevara dem f\u00f6r framtida best\u00e4llningar\/f\u00f6rfr\u00e5gningar och har gett ditt samtycke till detta.<\/li>\n<\/ul>\n<\/li>\n<\/ul>\n\n\n\n<ul class=\"wp-block-list\">\n<li><strong>Har kontakt med v\u00e5r marknads-, s\u00e4lj eller supportavdelning via e-post, telefon eller hemsida<\/strong>\n<ul class=\"wp-block-list\">\n<li class=\"has-small-font-size\"><strong>R\u00e4ttslig grund:<\/strong> Ber\u00e4ttigat intresse<\/li>\n\n\n\n<li class=\"has-small-font-size\"><strong>Personuppgifter som lagras: <\/strong>Namn, titel, telefonnummer, e-post och adress<\/li>\n\n\n\n<li class=\"has-small-font-size\"><strong>Lagringstid:<\/strong> Vi lagrar dina uppgifter fr\u00e5n det att du kontaktade oss och i 24 m\u00e5nader fram\u00e5t. Vi kan lagra dina uppgifter l\u00e4ngre om du \u00f6nskar att vi ska bevara dem f\u00f6r framtida best\u00e4llningar\/f\u00f6rfr\u00e5gningar och har gett ditt samtycke till detta. Om \u00e4rendet omfattar teknisk r\u00e5dgivning kan uppgifter lagras i upp till 50 \u00e5r.<\/li>\n<\/ul>\n<\/li>\n<\/ul>\n\n\n\n<ul class=\"wp-block-list\">\n<li><strong>St\u00e4ller fr\u00e5gor om v\u00e5ra produkter<\/strong>\n<ul class=\"wp-block-list\">\n<li class=\"has-small-font-size\"><strong>R\u00e4ttslig grund:<\/strong> Fullg\u00f6rande av avtal<\/li>\n\n\n\n<li class=\"has-small-font-size\"><strong>Personuppgifter som lagras:<\/strong> Namn, telefonnummer, e-post, firmanamn, adress<\/li>\n\n\n\n<li class=\"has-small-font-size\"><strong>Lagringstid:<\/strong> Vi lagrar dina uppgifter fr\u00e5n det att du kontaktade oss och i 24 m\u00e5nader fram\u00e5t. Vi kan lagra dina uppgifter l\u00e4ngre om du \u00f6nskar att vi ska bevara dem f\u00f6r framtida best\u00e4llningar\/f\u00f6rfr\u00e5gningar och har gett ditt samtycke till detta.<\/li>\n<\/ul>\n<\/li>\n<\/ul>\n\n\n\n<ul class=\"wp-block-list\">\n<li><strong>Tecknande av avtal med oss om leverans av produkter<\/strong>\n<ul class=\"wp-block-list\">\n<li class=\"has-small-font-size\"><strong>R\u00e4ttslig grund:<\/strong> Fullg\u00f6rande av avtal<\/li>\n\n\n\n<li class=\"has-small-font-size\"><strong>Personuppgifter som lagras:<\/strong> Namn, telefonnummer, e-post och adress<\/li>\n\n\n\n<li class=\"has-small-font-size\"><strong>Lagringstid:<\/strong> Vi lagrar dina uppgifter s\u00e5 l\u00e4nge det \u00e4r n\u00f6dv\u00e4ndigt enligt g\u00e4llande lag, till exempel bokf\u00f6ringslagar.<\/li>\n<\/ul>\n<\/li>\n<\/ul>\n\n\n\n<ul class=\"wp-block-list\">\n<li><strong>Er leverant\u00f6r eller kontaktperson, som leverant\u00f6r till oss<\/strong>\n<ul class=\"wp-block-list\">\n<li class=\"has-small-font-size\"><strong>R\u00e4ttslig grund: <\/strong>Fullg\u00f6rande av avtal, ber\u00e4ttigat intresse<\/li>\n\n\n\n<li class=\"has-small-font-size\"><strong>Personuppgifter som lagras:<\/strong> Namn, telefonnummer, e-post och firmaadress<\/li>\n\n\n\n<li class=\"has-small-font-size\"><strong>Lagringstid:<\/strong> Vi lagrar dina uppgifter i upp till 10 \u00e5r.<\/li>\n<\/ul>\n<\/li>\n<\/ul>\n\n\n\n<h2 class=\"wp-block-heading\">5) Hur l\u00e4nge lagrar vi uppgifterna?<\/h2>\n\n\n\n<p>Vi lagrar personuppgifter s\u00e5 l\u00e4nge det \u00e4r n\u00f6dv\u00e4ndigt f\u00f6r att uppn\u00e5 de syften de samlades in f\u00f6r. I vissa fall kan vi vara skyldiga enligt lag att lagra uppgifterna l\u00e4ngre, eller vi kan beh\u00e5lla dem f\u00f6r att skydda v\u00e5ra r\u00e4ttsliga intressen, till exempel vid en r\u00e4ttslig process.<\/p>\n\n\n\n<p>F\u00f6r detaljerad information om hur l\u00e4nge vi lagrar dina uppgifter, se punkt 3 och 4.<\/p>\n\n\n\n<h2 class=\"wp-block-heading\">6) Vem delar vi uppgifterna med?<\/h2>\n\n\n\n<p>Smartpanel AS (Org. nr. 921 075 197), kan dela personuppgifter med akt\u00f6rer som behandlar personuppgifter p\u00e5 uppdrag av Smartpanel AS (Org. nr. 921 075 197), till exempel IT-leverant\u00f6r eller koncernbolag<\/p>\n\n\n\n<p>Vi s\u00e4kerst\u00e4ller att det finns skriftliga databehandlingsavtal som beskriver parternas ansvar och f\u00f6rpliktelser, samt de s\u00e4kerhets\u00e5tg\u00e4rder som har vidtagits f\u00f6r att skydda uppgifterna. Om personuppgifter \u00f6verf\u00f6rs till ett land utanf\u00f6r EU\/EES, kommer Smartpanel AS (Org. nr. 921 075 197), att s\u00e4kerst\u00e4lla att s\u00e5dan \u00f6verf\u00f6ring sker p\u00e5 ett s\u00e4kert s\u00e4tt och i enlighet med g\u00e4llande lag.<\/p>\n\n\n\n<p>Personuppgifter kan ocks\u00e5 l\u00e4mnas ut om det \u00e4r n\u00f6dv\u00e4ndigt f\u00f6r att uppfylla g\u00e4llande lagkrav eller krav fr\u00e5n myndigheter, f\u00f6r att skydda Smartpanel AS (Org. nr. 921 075 197) r\u00e4ttsliga intressen, eller f\u00f6r att uppt\u00e4cka, f\u00f6rebygga eller utreda bedr\u00e4gerier och andra s\u00e4kerhets- eller tekniska problem.<\/p>\n\n\n\n<h2 class=\"wp-block-heading\">7) Anm\u00e4lan om brott mot personuppgifts-skydd<\/h2>\n\n\n\n<p>Om Smartpanel AS (Org. nr. 921 075 197) upplever ett dataintr\u00e5ng som kan p\u00e5verka dina personuppgifter, kommer vi att informera dig s\u00e5 snart som m\u00f6jligt. Du kommer att meddelas via e-post eller andra tillg\u00e4ngliga kommunikationskanaler om:<\/p>\n\n\n\n<ul class=\"wp-block-list\">\n<li>Vad som har skett<\/li>\n\n\n\n<li>Vilka uppgifter som det ber\u00f6r<\/li>\n\n\n\n<li>Vilka \u00e5tg\u00e4rder vi har vidtagit f\u00f6r att begr\u00e4nsa skadans omfattning.<\/li>\n<\/ul>\n\n\n\n<h2 class=\"wp-block-heading\">8) \u00c4ndringar i integritetspolicyn<\/h2>\n\n\n\n<p>Denna integritetspolicy kan komma att justeras fr\u00e5n tid till annan. Om Smartpanel AS (Org. nr. 921 075 197) g\u00f6r betydande \u00e4ndringar i integritetspolicyn kommer vi att informera dig via e-post innan \u00e4ndringarna tr\u00e4der i kraft.<\/p>\n\n\n\n<p>Den aktuella integritetspolicyn kommer ocks\u00e5 att publiceras p\u00e5 Smartpanel AS (Org. nr. 921 075 197) sin hemsida.<\/p>\n\n\n\n<h2 class=\"wp-block-heading\">9) Cookies<\/h2>\n\n\n\n<p>Smartpanel AS (Org. nr. 921 075 197) anv\u00e4nder cookies och andra liknande teknologier f\u00f6r att samla in information om dig eller den enhet du anv\u00e4nder. Dessa cookies hj\u00e4lper oss att f\u00f6rst\u00e5 hur du anv\u00e4nder v\u00e5r webbplats s\u00e5 att vi kan anpassa v\u00e5ra tj\u00e4nster f\u00f6r en b\u00e4ttre anv\u00e4ndarupplevelse.<\/p>\n\n\n\n<p>Information som samlas in genom cookies kan inkludera:<\/p>\n\n\n\n<ul class=\"wp-block-list\">\n<li>IP-adress<\/li>\n\n\n\n<li>Webbl\u00e4sartyp<\/li>\n\n\n\n<li>Operativsystem<\/li>\n\n\n\n<li>Information om hur du navigerar dig p\u00e5 hemsidan<\/li>\n<\/ul>\n\n\n\n<p>Mer information om Smartpanel AS (Org. nr. 921 075 197) sin anv\u00e4ndning av cookies finns p\u00e5 sidan <a href=\"https:\/\/smartpanel.no\/se\/integritet-och-kakor\/\">Policy f\u00f6r kakor<\/a> p\u00e5 v\u00e5r hemsida.<\/p>\n\n\n\n<h2 class=\"wp-block-heading\">10) R\u00e4tt til information, r\u00e4ttelser og m\u00f8jlighet f\u00f6r att klaga<\/h2>\n\n\n\n<p>Om du anser att v\u00e5r behandling av dina personuppgifter strider mot dataskyddsf\u00f6rordningen kan du klaga till tillsynsmyndigheten i det EU\/EES-land d\u00e4r du bor eller arbetar (t.ex. Datainspektionen, IMY), eller i det land d\u00e4r den p\u00e5st\u00e5dda \u00f6vertr\u00e4delsen av dataskyddsf\u00f6rordningen har intr\u00e4ffat.<\/p>\n\n\n\n<p>M\u00f6jligheten att klaga som beskrivs ovan begr\u00e4nsar inte dina m\u00f6jligheter att anv\u00e4nda dig av administrativa \u00e5tg\u00e4rder eller r\u00e4ttsmedel som du har tillg\u00e5ng till.<\/p>\n\n\n\n<p>Om du inte \u00f6nskar att Smartpanel AS (Org. nr. 921 075 197) ska behandla dina personuppgifter f\u00f6r direktmarknadsf\u00f6ring, kan du skriftligen meddela detta till Smartpanel AS (Org. nr. 921 075 197). I varje nyhetsbrev kommer du ocks\u00e5 att informeras om din m\u00f6jlighet att avregistrera dig fr\u00e5n framtida nyhetsbrev.<\/p>\n\n\n\n<p>Du har r\u00e4tt att en g\u00e5ng per kalender\u00e5r f\u00e5 gratis information om vilka personuppgifter Smartpanel AS (Org. nr. 921 075 197) behandlar om dig och f\u00f6r vilket \u00e4ndam\u00e5l (s\u00e5 kallat registerutdrag).<\/p>\n\n\n\n<p>En s\u00e5dan beg\u00e4ran om registerutdrag ska vara skriftlig och undertecknad av den som beg\u00e4r det.<\/p>\n\n\n\n<p>Du har \u00e4ven r\u00e4tt att f\u00e5 felaktiga, vilseledande eller ofullst\u00e4ndiga uppgifter r\u00e4ttade, blockerade, anonymiserade eller raderade.<\/p>\n\n\n\n<p>Om du vill beg\u00e4ra ett registerutdrag, eller har fr\u00e5gor om hur Smartpanel AS (Org. nr. 921 075 197) behandlar dina personuppgifter, v\u00e4nligen kontakta oss p\u00e5 <a href=\"mailto:gdpr@byggma.no\">gdpr@byggma.no<\/a>.<\/p>\n\n\n\n<h2 class=\"wp-block-heading\">11) F\u00f6rteckning om behandlingsaktiviteter<\/h2>\n\n\n\n<p>I enlighet med GDPR artikel 30, uppr\u00e4tth\u00e5ller Smartpanel AS (Org. nr. 921 075 197) en f\u00f6rteckning \u00f6ver alla behandlingsaktiviteter som involverar personuppgifter. Denna f\u00f6rteckning inneh\u00e5ller information om:<\/p>\n\n\n\n<ul class=\"wp-block-list\">\n<li>Vilken data som samlas in<\/li>\n\n\n\n<li>Syftet med behandlingen<\/li>\n\n\n\n<li>Mottagare av uppgifterna<\/li>\n\n\n\n<li>De s\u00e4kerhets\u00e5tg\u00e4rder som vidtagits f\u00f6r att skydda uppgifterna<\/li>\n<\/ul>\n\n\n\n<p>F\u00f6rteckningen \u00e4r tillg\u00e4nglig f\u00f6r tillsynsmyndigheter vid beg\u00e4ran och bidrar till att s\u00e4kerst\u00e4lla att vi behandlar dina personuppgifter i enlighet med g\u00e4llande lagstiftning.<\/p>\n\n\n\n<h2 class=\"wp-block-heading\">12) Kontaktinformation<\/h2>\n\n\n\n<p>Du kan kontakta oss f\u00f6r fr\u00e5gor om personuppgifter p\u00e5 f\u00f6ljande e-postadress:<\/p>\n\n\n\n<p><a href=\"mailto:gdpr@byggma.no\">gdpr@byggma.no<\/a><\/p>\n","protected":false},"excerpt":{"rendered":"<p>Senast uppdaterad: 3 september 2024 Denna integritetspolicy g\u00e4ller f\u00f6r bolaget Smartpanel AS (Org. nr. 921 075 197) som \u00e4r ett dotterbolag till koncernen Byggma ASA (Org.nr. 979&nbsp;165 285) 1) Generellt Smartpanel AS (Org. nr. 921 075 197), \u00f6nskar med denna integritetspolicy p\u00e5 att visa hur vi s\u00e4kerst\u00e4ller att dina personuppgifter behandlas i enlighet med svensk &hellip;<\/p>\n","protected":false},"author":20,"featured_media":0,"parent":0,"menu_order":0,"comment_status":"closed","ping_status":"closed","template":"","meta":{"_acf_changed":false,"inline_featured_image":false,"footnotes":""},"class_list":["post-1842","page","type-page","status-publish","hentry"],"acf":[],"yoast_head":"<!-- This site is optimized with the Yoast SEO plugin v27.3 - https:\/\/yoast.com\/product\/yoast-seo-wordpress\/ -->\n<title>Integritetspolicy - Smartpanel<\/title>\n<meta name=\"robots\" content=\"index, follow, max-snippet:-1, max-image-preview:large, max-video-preview:-1\" \/>\n<link rel=\"canonical\" href=\"https:\/\/smartpanel.no\/se\/integritetspolicy\/\" \/>\n<meta property=\"og:locale\" content=\"sv_SE\" \/>\n<meta property=\"og:type\" content=\"article\" \/>\n<meta property=\"og:title\" content=\"Integritetspolicy - Smartpanel\" \/>\n<meta property=\"og:description\" content=\"Senast uppdaterad: 3 september 2024 Denna integritetspolicy g\u00e4ller f\u00f6r bolaget Smartpanel AS (Org. nr. 921 075 197) som \u00e4r ett dotterbolag till koncernen Byggma ASA (Org.nr. 979&nbsp;165 285) 1) Generellt Smartpanel AS (Org. nr. 921 075 197), \u00f6nskar med denna integritetspolicy p\u00e5 att visa hur vi s\u00e4kerst\u00e4ller att dina personuppgifter behandlas i enlighet med svensk &hellip;\" \/>\n<meta property=\"og:url\" content=\"https:\/\/smartpanel.no\/se\/integritetspolicy\/\" \/>\n<meta property=\"og:site_name\" content=\"Smartpanel\" \/>\n<meta property=\"article:modified_time\" content=\"2024-09-06T13:10:53+00:00\" \/>\n<meta name=\"twitter:card\" content=\"summary_large_image\" \/>\n<meta name=\"twitter:label1\" content=\"Ber\u00e4knad l\u00e4stid\" \/>\n\t<meta name=\"twitter:data1\" content=\"8 minuter\" \/>\n<script type=\"application\/ld+json\" class=\"yoast-schema-graph\">{\"@context\":\"https:\\\/\\\/schema.org\",\"@graph\":[{\"@type\":\"WebPage\",\"@id\":\"https:\\\/\\\/smartpanel.no\\\/se\\\/integritetspolicy\\\/\",\"url\":\"https:\\\/\\\/smartpanel.no\\\/se\\\/integritetspolicy\\\/\",\"name\":\"Integritetspolicy - Smartpanel\",\"isPartOf\":{\"@id\":\"https:\\\/\\\/smartpanel.no\\\/se\\\/#website\"},\"datePublished\":\"2024-09-06T13:10:52+00:00\",\"dateModified\":\"2024-09-06T13:10:53+00:00\",\"breadcrumb\":{\"@id\":\"https:\\\/\\\/smartpanel.no\\\/se\\\/integritetspolicy\\\/#breadcrumb\"},\"inLanguage\":\"sv-SE\",\"potentialAction\":[{\"@type\":\"ReadAction\",\"target\":[\"https:\\\/\\\/smartpanel.no\\\/se\\\/integritetspolicy\\\/\"]}]},{\"@type\":\"BreadcrumbList\",\"@id\":\"https:\\\/\\\/smartpanel.no\\\/se\\\/integritetspolicy\\\/#breadcrumb\",\"itemListElement\":[{\"@type\":\"ListItem\",\"position\":1,\"name\":\"Hem\",\"item\":\"https:\\\/\\\/smartpanel.no\\\/se\\\/\"},{\"@type\":\"ListItem\",\"position\":2,\"name\":\"Integritetspolicy\"}]},{\"@type\":\"WebSite\",\"@id\":\"https:\\\/\\\/smartpanel.no\\\/se\\\/#website\",\"url\":\"https:\\\/\\\/smartpanel.no\\\/se\\\/\",\"name\":\"Smartpanel\",\"description\":\"\",\"potentialAction\":[{\"@type\":\"SearchAction\",\"target\":{\"@type\":\"EntryPoint\",\"urlTemplate\":\"https:\\\/\\\/smartpanel.no\\\/se\\\/?s={search_term_string}\"},\"query-input\":{\"@type\":\"PropertyValueSpecification\",\"valueRequired\":true,\"valueName\":\"search_term_string\"}}],\"inLanguage\":\"sv-SE\"}]}<\/script>\n<!-- \/ Yoast SEO plugin. -->","yoast_head_json":{"title":"Integritetspolicy - Smartpanel","robots":{"index":"index","follow":"follow","max-snippet":"max-snippet:-1","max-image-preview":"max-image-preview:large","max-video-preview":"max-video-preview:-1"},"canonical":"https:\/\/smartpanel.no\/se\/integritetspolicy\/","og_locale":"sv_SE","og_type":"article","og_title":"Integritetspolicy - Smartpanel","og_description":"Senast uppdaterad: 3 september 2024 Denna integritetspolicy g\u00e4ller f\u00f6r bolaget Smartpanel AS (Org. nr. 921 075 197) som \u00e4r ett dotterbolag till koncernen Byggma ASA (Org.nr. 979&nbsp;165 285) 1) Generellt Smartpanel AS (Org. nr. 921 075 197), \u00f6nskar med denna integritetspolicy p\u00e5 att visa hur vi s\u00e4kerst\u00e4ller att dina personuppgifter behandlas i enlighet med svensk &hellip;","og_url":"https:\/\/smartpanel.no\/se\/integritetspolicy\/","og_site_name":"Smartpanel","article_modified_time":"2024-09-06T13:10:53+00:00","twitter_card":"summary_large_image","twitter_misc":{"Ber\u00e4knad l\u00e4stid":"8 minuter"},"schema":{"@context":"https:\/\/schema.org","@graph":[{"@type":"WebPage","@id":"https:\/\/smartpanel.no\/se\/integritetspolicy\/","url":"https:\/\/smartpanel.no\/se\/integritetspolicy\/","name":"Integritetspolicy - Smartpanel","isPartOf":{"@id":"https:\/\/smartpanel.no\/se\/#website"},"datePublished":"2024-09-06T13:10:52+00:00","dateModified":"2024-09-06T13:10:53+00:00","breadcrumb":{"@id":"https:\/\/smartpanel.no\/se\/integritetspolicy\/#breadcrumb"},"inLanguage":"sv-SE","potentialAction":[{"@type":"ReadAction","target":["https:\/\/smartpanel.no\/se\/integritetspolicy\/"]}]},{"@type":"BreadcrumbList","@id":"https:\/\/smartpanel.no\/se\/integritetspolicy\/#breadcrumb","itemListElement":[{"@type":"ListItem","position":1,"name":"Hem","item":"https:\/\/smartpanel.no\/se\/"},{"@type":"ListItem","position":2,"name":"Integritetspolicy"}]},{"@type":"WebSite","@id":"https:\/\/smartpanel.no\/se\/#website","url":"https:\/\/smartpanel.no\/se\/","name":"Smartpanel","description":"","potentialAction":[{"@type":"SearchAction","target":{"@type":"EntryPoint","urlTemplate":"https:\/\/smartpanel.no\/se\/?s={search_term_string}"},"query-input":{"@type":"PropertyValueSpecification","valueRequired":true,"valueName":"search_term_string"}}],"inLanguage":"sv-SE"}]}},"_links":{"self":[{"href":"https:\/\/smartpanel.no\/se\/wp-json\/wp\/v2\/pages\/1842","targetHints":{"allow":["GET"]}}],"collection":[{"href":"https:\/\/smartpanel.no\/se\/wp-json\/wp\/v2\/pages"}],"about":[{"href":"https:\/\/smartpanel.no\/se\/wp-json\/wp\/v2\/types\/page"}],"author":[{"embeddable":true,"href":"https:\/\/smartpanel.no\/se\/wp-json\/wp\/v2\/users\/20"}],"replies":[{"embeddable":true,"href":"https:\/\/smartpanel.no\/se\/wp-json\/wp\/v2\/comments?post=1842"}],"version-history":[{"count":4,"href":"https:\/\/smartpanel.no\/se\/wp-json\/wp\/v2\/pages\/1842\/revisions"}],"predecessor-version":[{"id":1877,"href":"https:\/\/smartpanel.no\/se\/wp-json\/wp\/v2\/pages\/1842\/revisions\/1877"}],"wp:attachment":[{"href":"https:\/\/smartpanel.no\/se\/wp-json\/wp\/v2\/media?parent=1842"}],"curies":[{"name":"wp","href":"https:\/\/api.w.org\/{rel}","templated":true}]}}