{"id":1561,"date":"2023-03-10T14:21:21","date_gmt":"2023-03-10T13:21:21","guid":{"rendered":"https:\/\/smartpanel.no\/se\/smartfiner\/eik\/saltfjellet\/#1561"},"modified":"2026-04-25T03:33:56","modified_gmt":"2026-04-25T01:33:56","slug":"smartfiner-furu-rondane-lakkert-silkematt","status":"publish","type":"product","link":"https:\/\/smartpanel.no\/se\/smartpanel\/smartfiner-tall\/#1561","title":{"rendered":"Smartfiner Furu Rondane"},"content":{"rendered":"<p>Den klassiska furufanerytan \u2013 med den helt naturliga f\u00e4rgtonen. Endast silkesmatt klarlack applicerad f\u00f6r att bevara den naturliga k\u00e4nslan av massiv furu.<\/p>\n","protected":false},"excerpt":{"rendered":"<p>Den klassiska furufanerytan \u2013 med den helt naturliga f\u00e4rgtonen. Endast silkesmatt klarlack applicerad f\u00f6r att bevara den naturliga k\u00e4nslan av massiv furu.<\/p>\n","protected":false},"featured_media":0,"comment_status":"closed","ping_status":"closed","template":"","meta":{"_acf_changed":false,"inline_featured_image":false},"product_tag":[],"product_brand":[],"product_cat":[3423],"class_list":{"0":"post-1561","1":"product","2":"type-product","3":"status-publish","5":"product_cat-64073aa9d601800001bd9db8","7":"first","8":"onbackorder","9":"shipping-taxable","10":"purchasable","11":"product-type-simple"},"acf":[],"yoast_head":"<!-- This site is optimized with the Yoast SEO plugin v27.3 - https:\/\/yoast.com\/product\/yoast-seo-wordpress\/ -->\n<title>Smartfiner Furu Rondane - Smartpanel<\/title>\n<meta name=\"robots\" content=\"index, follow, max-snippet:-1, max-image-preview:large, max-video-preview:-1\" \/>\n<link rel=\"canonical\" href=\"https:\/\/smartpanel.no\/se\/smartpanel\/smartfiner-tall\/#1561\" \/>\n<meta property=\"og:locale\" content=\"sv_SE\" \/>\n<meta property=\"og:type\" content=\"article\" \/>\n<meta property=\"og:title\" content=\"Smartfiner Furu Rondane - Smartpanel\" \/>\n<meta property=\"og:description\" content=\"Den klassiska furufanerytan \u2013 med den helt naturliga f\u00e4rgtonen. Endast silkesmatt klarlack applicerad f\u00f6r att bevara den naturliga k\u00e4nslan av massiv furu.\" \/>\n<meta property=\"og:url\" content=\"https:\/\/smartpanel.no\/se\/smartpanel\/smartfiner-tall\/#1561\" \/>\n<meta property=\"og:site_name\" content=\"Smartpanel\" \/>\n<meta property=\"article:modified_time\" content=\"2026-04-25T01:33:56+00:00\" \/>\n<meta name=\"twitter:card\" content=\"summary_large_image\" \/>\n<script type=\"application\/ld+json\" class=\"yoast-schema-graph\">{\"@context\":\"https:\\\/\\\/schema.org\",\"@graph\":[{\"@type\":\"WebPage\",\"@id\":\"https:\\\/\\\/smartpanel.no\\\/se\\\/smartpanel\\\/smartfiner-tall\\\/#1561\",\"url\":\"https:\\\/\\\/smartpanel.no\\\/se\\\/smartpanel\\\/smartfiner-tall\\\/#1561\",\"name\":\"Smartfiner Furu Rondane - Smartpanel\",\"isPartOf\":{\"@id\":\"https:\\\/\\\/smartpanel.no\\\/se\\\/#website\"},\"datePublished\":\"2023-03-10T13:21:21+00:00\",\"dateModified\":\"2026-04-25T01:33:56+00:00\",\"breadcrumb\":{\"@id\":\"https:\\\/\\\/smartpanel.no\\\/se\\\/smartpanel\\\/smartfiner-tall\\\/#1561#breadcrumb\"},\"inLanguage\":\"sv-SE\",\"potentialAction\":[{\"@type\":\"ReadAction\",\"target\":[\"https:\\\/\\\/smartpanel.no\\\/se\\\/smartpanel\\\/smartfiner-tall\\\/#1561\"]}]},{\"@type\":\"BreadcrumbList\",\"@id\":\"https:\\\/\\\/smartpanel.no\\\/se\\\/smartpanel\\\/smartfiner-tall\\\/#1561#breadcrumb\",\"itemListElement\":[{\"@type\":\"ListItem\",\"position\":1,\"name\":\"Hem\",\"item\":\"https:\\\/\\\/smartpanel.no\\\/se\\\/\"},{\"@type\":\"ListItem\",\"position\":2,\"name\":\"Shop\",\"item\":\"https:\\\/\\\/smartpanel.no\\\/se\\\/shop\\\/\"},{\"@type\":\"ListItem\",\"position\":3,\"name\":\"Smartfiner Furu Rondane\"}]},{\"@type\":\"WebSite\",\"@id\":\"https:\\\/\\\/smartpanel.no\\\/se\\\/#website\",\"url\":\"https:\\\/\\\/smartpanel.no\\\/se\\\/\",\"name\":\"Smartpanel\",\"description\":\"\",\"potentialAction\":[{\"@type\":\"SearchAction\",\"target\":{\"@type\":\"EntryPoint\",\"urlTemplate\":\"https:\\\/\\\/smartpanel.no\\\/se\\\/?s={search_term_string}\"},\"query-input\":{\"@type\":\"PropertyValueSpecification\",\"valueRequired\":true,\"valueName\":\"search_term_string\"}}],\"inLanguage\":\"sv-SE\"}]}<\/script>\n<!-- \/ Yoast SEO plugin. -->","yoast_head_json":{"title":"Smartfiner Furu Rondane - Smartpanel","robots":{"index":"index","follow":"follow","max-snippet":"max-snippet:-1","max-image-preview":"max-image-preview:large","max-video-preview":"max-video-preview:-1"},"canonical":"https:\/\/smartpanel.no\/se\/smartpanel\/smartfiner-tall\/#1561","og_locale":"sv_SE","og_type":"article","og_title":"Smartfiner Furu Rondane - Smartpanel","og_description":"Den klassiska furufanerytan \u2013 med den helt naturliga f\u00e4rgtonen. Endast silkesmatt klarlack applicerad f\u00f6r att bevara den naturliga k\u00e4nslan av massiv furu.","og_url":"https:\/\/smartpanel.no\/se\/smartpanel\/smartfiner-tall\/#1561","og_site_name":"Smartpanel","article_modified_time":"2026-04-25T01:33:56+00:00","twitter_card":"summary_large_image","schema":{"@context":"https:\/\/schema.org","@graph":[{"@type":"WebPage","@id":"https:\/\/smartpanel.no\/se\/smartpanel\/smartfiner-tall\/#1561","url":"https:\/\/smartpanel.no\/se\/smartpanel\/smartfiner-tall\/#1561","name":"Smartfiner Furu Rondane - Smartpanel","isPartOf":{"@id":"https:\/\/smartpanel.no\/se\/#website"},"datePublished":"2023-03-10T13:21:21+00:00","dateModified":"2026-04-25T01:33:56+00:00","breadcrumb":{"@id":"https:\/\/smartpanel.no\/se\/smartpanel\/smartfiner-tall\/#1561#breadcrumb"},"inLanguage":"sv-SE","potentialAction":[{"@type":"ReadAction","target":["https:\/\/smartpanel.no\/se\/smartpanel\/smartfiner-tall\/#1561"]}]},{"@type":"BreadcrumbList","@id":"https:\/\/smartpanel.no\/se\/smartpanel\/smartfiner-tall\/#1561#breadcrumb","itemListElement":[{"@type":"ListItem","position":1,"name":"Hem","item":"https:\/\/smartpanel.no\/se\/"},{"@type":"ListItem","position":2,"name":"Shop","item":"https:\/\/smartpanel.no\/se\/shop\/"},{"@type":"ListItem","position":3,"name":"Smartfiner Furu Rondane"}]},{"@type":"WebSite","@id":"https:\/\/smartpanel.no\/se\/#website","url":"https:\/\/smartpanel.no\/se\/","name":"Smartpanel","description":"","potentialAction":[{"@type":"SearchAction","target":{"@type":"EntryPoint","urlTemplate":"https:\/\/smartpanel.no\/se\/?s={search_term_string}"},"query-input":{"@type":"PropertyValueSpecification","valueRequired":true,"valueName":"search_term_string"}}],"inLanguage":"sv-SE"}]}},"_links":{"self":[{"href":"https:\/\/smartpanel.no\/se\/wp-json\/wp\/v2\/product\/1561","targetHints":{"allow":["GET"]}}],"collection":[{"href":"https:\/\/smartpanel.no\/se\/wp-json\/wp\/v2\/product"}],"about":[{"href":"https:\/\/smartpanel.no\/se\/wp-json\/wp\/v2\/types\/product"}],"replies":[{"embeddable":true,"href":"https:\/\/smartpanel.no\/se\/wp-json\/wp\/v2\/comments?post=1561"}],"wp:attachment":[{"href":"https:\/\/smartpanel.no\/se\/wp-json\/wp\/v2\/media?parent=1561"}],"wp:term":[{"taxonomy":"product_tag","embeddable":true,"href":"https:\/\/smartpanel.no\/se\/wp-json\/wp\/v2\/product_tag?post=1561"},{"taxonomy":"product_brand","embeddable":true,"href":"https:\/\/smartpanel.no\/se\/wp-json\/wp\/v2\/product_brand?post=1561"},{"taxonomy":"product_cat","embeddable":true,"href":"https:\/\/smartpanel.no\/se\/wp-json\/wp\/v2\/product_cat?post=1561"}],"curies":[{"name":"wp","href":"https:\/\/api.w.org\/{rel}","templated":true}]}}