{"id":1894,"date":"2025-02-14T02:33:38","date_gmt":"2025-02-14T01:33:38","guid":{"rendered":"https:\/\/smartpanel.no\/se\/smartpanel\/tillbehor\/reparasjonsvoks-til-smartfiner\/#1894"},"modified":"2026-04-25T03:33:57","modified_gmt":"2026-04-25T01:33:57","slug":"smartfiner-bjork-rondane","status":"publish","type":"product","link":"https:\/\/smartpanel.no\/se\/smartpanel\/smartfiner-bjork\/#1894","title":{"rendered":"Smartfiner Bj\u00f6rk Rondane"},"content":{"rendered":"<p>Den klassiska fanerytan i bj\u00f6rk &#8211; med den helt naturliga f\u00e4rgtonen. Endast applicerad silkesmatt klar lack f\u00f6r att bevara den naturliga k\u00e4nslan av massivt bj\u00f6rk.<\/p>\n","protected":false},"excerpt":{"rendered":"<p>Den klassiska fanerytan i bj\u00f6rk &#8211; med den helt naturliga f\u00e4rgtonen. Endast applicerad silkesmatt klar lack f\u00f6r att bevara den naturliga k\u00e4nslan av massivt bj\u00f6rk.<\/p>\n","protected":false},"featured_media":0,"comment_status":"closed","ping_status":"closed","template":"","meta":{"_acf_changed":false,"inline_featured_image":false},"product_tag":[],"product_brand":[],"product_cat":[3463],"class_list":{"0":"post-1894","1":"product","2":"type-product","3":"status-publish","5":"product_cat-661cfe74ae76be4e49e229bc","7":"first","8":"onbackorder","9":"shipping-taxable","10":"purchasable","11":"product-type-simple"},"acf":[],"yoast_head":"<!-- This site is optimized with the Yoast SEO plugin v27.3 - https:\/\/yoast.com\/product\/yoast-seo-wordpress\/ -->\n<title>Smartfiner Bj\u00f6rk Rondane - Smartpanel<\/title>\n<meta name=\"robots\" content=\"index, follow, max-snippet:-1, max-image-preview:large, max-video-preview:-1\" \/>\n<link rel=\"canonical\" href=\"https:\/\/smartpanel.no\/se\/smartpanel\/smartfiner-bjork\/#1894\" \/>\n<meta property=\"og:locale\" content=\"sv_SE\" \/>\n<meta property=\"og:type\" content=\"article\" \/>\n<meta property=\"og:title\" content=\"Smartfiner Bj\u00f6rk Rondane - Smartpanel\" \/>\n<meta property=\"og:description\" content=\"Den klassiska fanerytan i bj\u00f6rk - med den helt naturliga f\u00e4rgtonen. Endast applicerad silkesmatt klar lack f\u00f6r att bevara den naturliga k\u00e4nslan av massivt bj\u00f6rk.\" \/>\n<meta property=\"og:url\" content=\"https:\/\/smartpanel.no\/se\/smartpanel\/smartfiner-bjork\/#1894\" \/>\n<meta property=\"og:site_name\" content=\"Smartpanel\" \/>\n<meta property=\"article:modified_time\" content=\"2026-04-25T01:33:57+00:00\" \/>\n<meta name=\"twitter:card\" content=\"summary_large_image\" \/>\n<script type=\"application\/ld+json\" class=\"yoast-schema-graph\">{\"@context\":\"https:\\\/\\\/schema.org\",\"@graph\":[{\"@type\":\"WebPage\",\"@id\":\"https:\\\/\\\/smartpanel.no\\\/se\\\/smartpanel\\\/smartfiner-bjork\\\/#1894\",\"url\":\"https:\\\/\\\/smartpanel.no\\\/se\\\/smartpanel\\\/smartfiner-bjork\\\/#1894\",\"name\":\"Smartfiner Bj\u00f6rk Rondane - Smartpanel\",\"isPartOf\":{\"@id\":\"https:\\\/\\\/smartpanel.no\\\/se\\\/#website\"},\"datePublished\":\"2025-02-14T01:33:38+00:00\",\"dateModified\":\"2026-04-25T01:33:57+00:00\",\"breadcrumb\":{\"@id\":\"https:\\\/\\\/smartpanel.no\\\/se\\\/smartpanel\\\/smartfiner-bjork\\\/#1894#breadcrumb\"},\"inLanguage\":\"sv-SE\",\"potentialAction\":[{\"@type\":\"ReadAction\",\"target\":[\"https:\\\/\\\/smartpanel.no\\\/se\\\/smartpanel\\\/smartfiner-bjork\\\/#1894\"]}]},{\"@type\":\"BreadcrumbList\",\"@id\":\"https:\\\/\\\/smartpanel.no\\\/se\\\/smartpanel\\\/smartfiner-bjork\\\/#1894#breadcrumb\",\"itemListElement\":[{\"@type\":\"ListItem\",\"position\":1,\"name\":\"Hem\",\"item\":\"https:\\\/\\\/smartpanel.no\\\/se\\\/\"},{\"@type\":\"ListItem\",\"position\":2,\"name\":\"Shop\",\"item\":\"https:\\\/\\\/smartpanel.no\\\/se\\\/shop\\\/\"},{\"@type\":\"ListItem\",\"position\":3,\"name\":\"Smartfiner Bj\u00f6rk Rondane\"}]},{\"@type\":\"WebSite\",\"@id\":\"https:\\\/\\\/smartpanel.no\\\/se\\\/#website\",\"url\":\"https:\\\/\\\/smartpanel.no\\\/se\\\/\",\"name\":\"Smartpanel\",\"description\":\"\",\"potentialAction\":[{\"@type\":\"SearchAction\",\"target\":{\"@type\":\"EntryPoint\",\"urlTemplate\":\"https:\\\/\\\/smartpanel.no\\\/se\\\/?s={search_term_string}\"},\"query-input\":{\"@type\":\"PropertyValueSpecification\",\"valueRequired\":true,\"valueName\":\"search_term_string\"}}],\"inLanguage\":\"sv-SE\"}]}<\/script>\n<!-- \/ Yoast SEO plugin. -->","yoast_head_json":{"title":"Smartfiner Bj\u00f6rk Rondane - Smartpanel","robots":{"index":"index","follow":"follow","max-snippet":"max-snippet:-1","max-image-preview":"max-image-preview:large","max-video-preview":"max-video-preview:-1"},"canonical":"https:\/\/smartpanel.no\/se\/smartpanel\/smartfiner-bjork\/#1894","og_locale":"sv_SE","og_type":"article","og_title":"Smartfiner Bj\u00f6rk Rondane - Smartpanel","og_description":"Den klassiska fanerytan i bj\u00f6rk - med den helt naturliga f\u00e4rgtonen. Endast applicerad silkesmatt klar lack f\u00f6r att bevara den naturliga k\u00e4nslan av massivt bj\u00f6rk.","og_url":"https:\/\/smartpanel.no\/se\/smartpanel\/smartfiner-bjork\/#1894","og_site_name":"Smartpanel","article_modified_time":"2026-04-25T01:33:57+00:00","twitter_card":"summary_large_image","schema":{"@context":"https:\/\/schema.org","@graph":[{"@type":"WebPage","@id":"https:\/\/smartpanel.no\/se\/smartpanel\/smartfiner-bjork\/#1894","url":"https:\/\/smartpanel.no\/se\/smartpanel\/smartfiner-bjork\/#1894","name":"Smartfiner Bj\u00f6rk Rondane - Smartpanel","isPartOf":{"@id":"https:\/\/smartpanel.no\/se\/#website"},"datePublished":"2025-02-14T01:33:38+00:00","dateModified":"2026-04-25T01:33:57+00:00","breadcrumb":{"@id":"https:\/\/smartpanel.no\/se\/smartpanel\/smartfiner-bjork\/#1894#breadcrumb"},"inLanguage":"sv-SE","potentialAction":[{"@type":"ReadAction","target":["https:\/\/smartpanel.no\/se\/smartpanel\/smartfiner-bjork\/#1894"]}]},{"@type":"BreadcrumbList","@id":"https:\/\/smartpanel.no\/se\/smartpanel\/smartfiner-bjork\/#1894#breadcrumb","itemListElement":[{"@type":"ListItem","position":1,"name":"Hem","item":"https:\/\/smartpanel.no\/se\/"},{"@type":"ListItem","position":2,"name":"Shop","item":"https:\/\/smartpanel.no\/se\/shop\/"},{"@type":"ListItem","position":3,"name":"Smartfiner Bj\u00f6rk Rondane"}]},{"@type":"WebSite","@id":"https:\/\/smartpanel.no\/se\/#website","url":"https:\/\/smartpanel.no\/se\/","name":"Smartpanel","description":"","potentialAction":[{"@type":"SearchAction","target":{"@type":"EntryPoint","urlTemplate":"https:\/\/smartpanel.no\/se\/?s={search_term_string}"},"query-input":{"@type":"PropertyValueSpecification","valueRequired":true,"valueName":"search_term_string"}}],"inLanguage":"sv-SE"}]}},"_links":{"self":[{"href":"https:\/\/smartpanel.no\/se\/wp-json\/wp\/v2\/product\/1894","targetHints":{"allow":["GET"]}}],"collection":[{"href":"https:\/\/smartpanel.no\/se\/wp-json\/wp\/v2\/product"}],"about":[{"href":"https:\/\/smartpanel.no\/se\/wp-json\/wp\/v2\/types\/product"}],"replies":[{"embeddable":true,"href":"https:\/\/smartpanel.no\/se\/wp-json\/wp\/v2\/comments?post=1894"}],"wp:attachment":[{"href":"https:\/\/smartpanel.no\/se\/wp-json\/wp\/v2\/media?parent=1894"}],"wp:term":[{"taxonomy":"product_tag","embeddable":true,"href":"https:\/\/smartpanel.no\/se\/wp-json\/wp\/v2\/product_tag?post=1894"},{"taxonomy":"product_brand","embeddable":true,"href":"https:\/\/smartpanel.no\/se\/wp-json\/wp\/v2\/product_brand?post=1894"},{"taxonomy":"product_cat","embeddable":true,"href":"https:\/\/smartpanel.no\/se\/wp-json\/wp\/v2\/product_cat?post=1894"}],"curies":[{"name":"wp","href":"https:\/\/api.w.org\/{rel}","templated":true}]}}